{"id":268,"date":"2019-07-24T07:46:33","date_gmt":"2019-07-24T07:46:33","guid":{"rendered":"https:\/\/www.t-alacarte.com\/axa-travel-insurance\/"},"modified":"2019-10-23T11:27:30","modified_gmt":"2019-10-23T11:27:30","slug":"axa-travel-insurance","status":"publish","type":"page","link":"https:\/\/travel-tacpay.com\/cs\/axa-travel-insurance\/","title":{"rendered":"Cestovn\u00ed poji\u0161t\u011bn\u00ed AXA"},"content":{"rendered":"<div class=\"wpb-content-wrapper\"><p>[vc_row full_width=&#8220;stretch_row&#8220; equal_height=&#8220;yes&#8220; content_placement=&#8220;middle&#8220; el_class=&#8220;insurance-banner bg-image&#8220; css=&#8220;.vc_custom_1563957229774{background-image: url(https:\/\/www.t-alacarte.com\/wp\/wp-content\/uploads\/2019\/07\/insurance_background-1.jpg?id=91) !important;background-position: center !important;background-repeat: no-repeat !important;background-size: cover !important;}&#8220;][vc_column width=&#8220;2\/3&#8243;][vc_column_text]<\/p>\n<h1>Cestovn\u00ed poji\u0161t\u011bn\u00ed AXA<\/h1>\n<h4>Kupte si spolehliv\u00e9 cestovn\u00ed<\/h4>\n<h4>poji\u0161t\u011bn\u00ed na jakoukoli cestu do zahrani\u010d\u00ed<\/h4>\n<h4>p\u0159\u00edmo p\u0159es na\u0161i aplikaci!<\/h4>\n<p>[\/vc_column_text][\/vc_column][vc_column width=&#8220;1\/3&#8243; el_class=&#8220;insurance-card&#8220;][vc_column_text]<\/p>\n<h2 style=\"text-align: center;\">Cestovn\u00ed poji\u0161t\u011bn\u00ed na jednu cestu<\/h2>\n<p>[\/vc_column_text][vc_column_text el_class=&#8220;text-card icon-check&#8220;]Cena za pojistn\u00e9 kryt\u00ed jedn\u00e9 cesty na m\u00edru[\/vc_column_text][vc_column_text el_class=&#8220;text-card icon-check&#8220;]Non-stop nouzov\u00e1 asistence[\/vc_column_text][vc_column_text el_class=&#8220;text-card icon-check&#8220;]Je to rychl\u00e9 a snadn\u00e9![\/vc_column_text][vc_btn title=&#8220;St\u00e1hn\u011bte si na\u0161i aplikaci&#8220; align=&#8220;center&#8220; el_class=&#8220;download-app-trigger&#8220;][\/vc_column][\/vc_row][vc_row full_width=&#8220;stretch_row&#8220; el_class=&#8220;insurance-banner light&#8220;][vc_column][vc_column_text]<\/p>\n<h3 style=\"text-align: center;\">Po\u017e\u00e1dejte o nab\u00eddku cestovn\u00edho poji\u0161t\u011bn\u00ed<\/h3>\n<p>[\/vc_column_text][vc_row_inner][vc_column_inner width=&#8220;1\/3&#8243;][vc_raw_html el_class=&#8220;insurance-icon&#8220;]JTNDaSUyMGNsYXNzJTNEJTIyZmFsJTIwZmEtcGxhbmUtZGVwYXJ0dXJlJTIyJTNFJTNDJTJGaSUzRQ==[\/vc_raw_html][vc_column_text]<\/p>\n<h5 style=\"text-align: center;\">Zarezervujte si cestu<\/h5>\n<p style=\"text-align: center;\">Zarezervujte si cestu p\u0159\u00edmo p\u0159es na\u0161i aplikaci v\u010detn\u011b letenek, ubytov\u00e1n\u00ed a vstupenek na akce.<\/p>\n<p>[\/vc_column_text][\/vc_column_inner][vc_column_inner width=&#8220;1\/3&#8243;][vc_raw_html el_class=&#8220;insurance-icon&#8220;]JTNDaSUyMGNsYXNzJTNEJTIyZmFsJTIwZmEtcGhvbmUtbGFwdG9wJTIyJTNFJTNDJTJGaSUzRQ==[\/vc_raw_html][vc_column_text]<\/p>\n<h5 style=\"text-align: center;\">Vyberte si sv\u00e9 cestovn\u00ed poji\u0161t\u011bn\u00ed<\/h5>\n<p style=\"text-align: center;\">Sestav\u00edme nab\u00eddku cestovn\u00edho poji\u0161t\u011bn\u00ed podle va\u0161eho itiner\u00e1\u0159e, tak\u017ee si m\u016f\u017eete vybrat to, kter\u00e9 v\u00e1m vyhovuje.<\/p>\n<p>[\/vc_column_text][\/vc_column_inner][vc_column_inner width=&#8220;1\/3&#8243;][vc_raw_html el_class=&#8220;insurance-icon&#8220;]JTNDaSUyMGNsYXNzJTNEJTIyZmFsJTIwZmEtc3VpdGNhc2UlMjIlM0UlM0MlMkZpJTNF[\/vc_raw_html][vc_column_text]<\/p>\n<h5 style=\"text-align: center;\">Jste na spr\u00e1vn\u00e9 cest\u011b<\/h5>\n<p style=\"text-align: center;\">Jakmile si vyberete, m\u016f\u017eete si svoji pojistku koupit a b\u011bhem cesty budete kryti.<\/p>\n<p>[\/vc_column_text][\/vc_column_inner][\/vc_row_inner][\/vc_column][\/vc_row][vc_row el_class=&#8220;insurance-banner&#8220;][vc_column width=&#8220;1\/2&#8243;][vc_column_text]<\/p>\n<h3>Pro\u010d je cestovn\u00ed poji\u0161t\u011bn\u00ed d\u016fle\u017eit\u00e9?<\/h3>\n<p>Cestovn\u00ed poji\u0161t\u011bn\u00ed v\u00e1s bude chr\u00e1nit p\u0159ed n\u00e1sledky v\u0161eho, co se m\u016f\u017ee b\u011bhem cesty do zahrani\u010d\u00ed pokazit. Cestovn\u00ed poji\u0161t\u011bn\u00ed je d\u016fle\u017eit\u00e9, proto\u017ee v\u00e1m m\u016f\u017ee pomoci, kdy\u017e ztrat\u00edte sv\u00e9 v\u011bci, pokud se zpozd\u00ed va\u0161e lety nebo bude zru\u0161eno va\u0161e ubytov\u00e1n\u00ed nebo pokud na dovolen\u00e9 \u010di na slu\u017eebn\u00ed cest\u011b onemocn\u00edte nebo se zran\u00edte.<\/p>\n<h5>Co obvykle cestovn\u00ed poji\u0161t\u011bn\u00ed kryje?<\/h5>\n<p>Cestovn\u00ed pojistky obvykle kryj\u00ed:<\/p>\n<p><strong>Storno a zpo\u017ed\u011bn\u00ed<\/strong>: V\u010detn\u011b zme\u0161kan\u00fdch odjezd\u016f a zkr\u00e1cen\u00ed cesty.<\/p>\n<p><strong>MN\u00e1klady na l\u00e9ka\u0159sk\u00e9 o\u0161et\u0159en\u00ed<\/strong>: To pokryje p\u0159\u00edpadn\u00e9 n\u00e1klady vynalo\u017een\u00e9 p\u0159i n\u00e1v\u0161t\u011bv\u011b l\u00e9ka\u0159e \u010di nemocnice v zahrani\u010d\u00ed.<\/p>\n<p><strong>Osobn\u00ed odpov\u011bdnost<\/strong>: Pokud zp\u016fsob\u00edte \u0161kodu na majetku nebo n\u011bkoho zran\u00edte, je to kryt\u00e9.<\/p>\n<p><strong>Nouzov\u00e1 asistence \/ repatriace<\/strong>:\u00a0Pokud je pot\u0159eba v\u00e1s dopravit zp\u011bt do Spojen\u00e9ho kr\u00e1lovstv\u00ed z d\u016fvodu zran\u011bn\u00ed, budou uhrazeny p\u0159\u00edslu\u0161n\u00e9 n\u00e1klady.<\/p>\n<p><strong>Zavazadla a osobn\u00ed v\u011bci<\/strong>: : Ochrana v p\u0159\u00edpad\u011b ztr\u00e1ty, kr\u00e1de\u017ee nebo po\u0161kozen\u00ed zavazadel nebo osobn\u00edch v\u011bc\u00ed je u v\u011bt\u0161iny pojistek standardem.[\/vc_column_text][\/vc_column][vc_column width=&#8220;1\/2&#8243;][vc_column_text el_class=&#8220;bordered-bottom&#8220;]<\/p>\n<h3 style=\"text-align: center;\">Co je zahrnuto do va\u0161\u00ed cestovn\u00ed pojistky?<\/h3>\n<p>[\/vc_column_text][vc_row_inner][vc_column_inner width=&#8220;1\/2&#8243;][vc_column_text el_class=&#8220;insurance-included&#8220;]<\/p>\n<ul>\n<li>Storno a zpo\u017ed\u011bn\u00ed<\/li>\n<li>N\u00e1klady na l\u00e9ka\u0159sk\u00e9 o\u0161et\u0159en\u00ed<\/li>\n<li>Osobn\u00ed odpov\u011bdnost<\/li>\n<li>Nouzov\u00e1 asistence<\/li>\n<li>Ztracen\u00e1 zavazadla<\/li>\n<li>Pomoc p\u0159i p\u0159\u00edrodn\u00edch katastrof\u00e1ch<\/li>\n<li>Sportovn\u00ed aktivity<\/li>\n<\/ul>\n<p>[\/vc_column_text][\/vc_column_inner][vc_column_inner width=&#8220;1\/2&#8243;][vc_column_text el_class=&#8220;insurance-not-included&#8220;]<\/p>\n<ul>\n<li>P\u0159edem p\u0159\u00edtomn\u00e9 zdravotn\u00ed pot\u00ed\u017ee<\/li>\n<li>Nehody souvisej\u00edc\u00ed s alkoholem<\/li>\n<li>Extr\u00e9mn\u00ed sporty<\/li>\n<\/ul>\n<p>[\/vc_column_text][\/vc_column_inner][\/vc_row_inner][\/vc_column][\/vc_row][vc_row full_width=&#8220;stretch_row&#8220; el_class=&#8220;insurance-banner light&#8220;][vc_column][vc_column_text]<\/p>\n<h3 style=\"text-align: center;\">Jak\u00fd typ cest kryjeme<\/h3>\n<p>[\/vc_column_text][vc_row_inner][vc_column_inner width=&#8220;1\/3&#8243;][vc_raw_html el_class=&#8220;insurance-icon-small&#8220;]JTNDaSUyMGNsYXNzJTNEJTIyZmFsJTIwZmEtYmFja3BhY2slMjIlM0UlM0MlMkZpJTNF[\/vc_raw_html][vc_column_text]<\/p>\n<h5 style=\"text-align: center;\">Ba\u0165\u016f\u017ek\u00e1\u0159i<\/h5>\n<p style=\"text-align: center;\">Ide\u00e1ln\u00ed pro situace, kdy cestujete dlouho a do \u0159ady r\u016fzn\u00fdch lokalit.<\/p>\n<p>[\/vc_column_text][\/vc_column_inner][vc_column_inner width=&#8220;1\/3&#8243;][vc_raw_html el_class=&#8220;insurance-icon-small&#8220;]JTNDaSUyMGNsYXNzJTNEJTIyZmFsJTIwZmEtc2hpcCUyMiUzRSUzQyUyRmklM0U=[\/vc_raw_html][vc_column_text]<\/p>\n<h5 style=\"text-align: center;\">Lod\u00ed<\/h5>\n<p style=\"text-align: center;\">A\u0165 u\u017e jedete ryb\u00e1\u0159skou lo\u010fkou nebo obrovskou turistickou lod\u00ed, cestovn\u00ed poji\u0161t\u011bn\u00ed pokryje souvisej\u00edc\u00ed pojistn\u00e9 n\u00e1roky.<\/p>\n<p>[\/vc_column_text][\/vc_column_inner][vc_column_inner width=&#8220;1\/3&#8243;][vc_raw_html el_class=&#8220;insurance-icon-small&#8220;]JTNDaSUyMGNsYXNzJTNEJTIyZmFsJTIwZmEtc2tpaW5nJTIyJTNFJTNDJTJGaSUzRQ==[\/vc_raw_html][vc_column_text]<\/p>\n<h5 style=\"text-align: center;\">Za zimn\u00edmi sporty<\/h5>\n<p style=\"text-align: center;\">Budete kryti proti v\u011bcem, kter\u00e9 mohou nastat v p\u0159\u00edpad\u011b, \u017ee se v\u011bnujete zimn\u00edm sport\u016fm, jako kdy\u017e se nap\u0159\u00edklad zran\u00edte p\u0159i ly\u017eov\u00e1n\u00ed<\/p>\n<p>[\/vc_column_text][\/vc_column_inner][\/vc_row_inner][vc_row_inner][vc_column_inner width=&#8220;1\/3&#8243;][vc_raw_html el_class=&#8220;insurance-icon-small&#8220;]JTNDaSUyMGNsYXNzJTNEJTIyZmFsJTIwZmEtc3dpbW1lciUyMiUzRSUzQyUyRmklM0U=[\/vc_raw_html][vc_column_text]<\/p>\n<h5 style=\"text-align: center;\">Za letn\u00edmi sporty<\/h5>\n<p style=\"text-align: center;\">Cestovn\u00ed poji\u0161t\u011bn\u00ed kryje v\u011bci, kter\u00e9 mohou nastat v p\u0159\u00edpad\u011b, \u017ee se v\u011bnujete letn\u00edm sport\u016fm, jako kdy\u017e se nap\u0159\u00edklad zran\u00edte p\u0159i plav\u00e1n\u00ed nebo cyklistice.<\/p>\n<p>[\/vc_column_text][\/vc_column_inner][vc_column_inner width=&#8220;1\/3&#8243;][vc_raw_html el_class=&#8220;insurance-icon-small&#8220;]JTNDaSUyMGNsYXNzJTNEJTIyZmFsJTIwZmEtY2l0eSUyMiUzRSUzQyUyRmklM0U=[\/vc_raw_html][vc_column_text]<\/p>\n<h5 style=\"text-align: center;\">Do m\u011bsta<\/h5>\n<p style=\"text-align: center;\">Bez kryt\u00ed n\u00e1klad\u016f na l\u00e9ka\u0159sk\u00e9 o\u0161et\u0159en\u00ed m\u016f\u017ee b\u00fdt zaji\u0161t\u011bn\u00ed l\u00e9ka\u0159sk\u00e9 p\u00e9\u010de v n\u011bkter\u00fdch zem\u00edch n\u00e1ro\u010dn\u00e9 a mohou po v\u00e1s po\u017eadovat \u00fahradu n\u00e1klad\u016f p\u0159edem! Bu\u010fte poji\u0161t\u011bni na v\u0161echny cesty!<\/p>\n<p>[\/vc_column_text][\/vc_column_inner][vc_column_inner width=&#8220;1\/3&#8243;][vc_raw_html el_class=&#8220;insurance-icon-small&#8220;]JTNDaSUyMGNsYXNzJTNEJTIyZmFsJTIwZmEtYmFieSUyMiUzRSUzQyUyRmklM0U=[\/vc_raw_html][vc_column_text]<\/p>\n<h5 style=\"text-align: center;\">Rodina<\/h5>\n<p style=\"text-align: center;\">Pokud se chyst\u00e1te na rodinnou dovolenou, budete si moci zakoupit kryt\u00ed pro svoji rodinu \u010di jin\u00fd doprovod.<\/p>\n<p>[\/vc_column_text][\/vc_column_inner][\/vc_row_inner][vc_row_inner][vc_column_inner width=&#8220;1\/3&#8243;][vc_raw_html el_class=&#8220;insurance-icon-small&#8220;]JTNDaSUyMGNsYXNzJTNEJTIyZmFsJTIwZmEtaGlraW5nJTIyJTNFJTNDJTJGaSUzRQ==[\/vc_raw_html][vc_column_text]<\/p>\n<h5 style=\"text-align: center;\">Za dobrodru\u017estv\u00edm<\/h5>\n<p style=\"text-align: center;\">Od nejvy\u0161\u0161\u00edho vrcholu a\u017e do 35 metr\u016f pod vodou, je to pojistka, kter\u00e1 vyhovuje va\u0161emu stylu cestov\u00e1n\u00ed. U\u017eijte si svoji \u017eivotn\u00ed cestu bez starost\u00ed s kryt\u00edm, kter\u00e9 zahrnuje ztr\u00e1tu, ly\u017eov\u00e1n\u00ed, pot\u00e1p\u011bn\u00ed i dny na golfov\u00e9m h\u0159i\u0161ti, p\u00e1trac\u00ed a z\u00e1chrannou slu\u017ebu a pron\u00e1jem sportovn\u00edho vybaven\u00ed.<\/p>\n<p>[\/vc_column_text][\/vc_column_inner][vc_column_inner width=&#8220;1\/3&#8243;][vc_raw_html el_class=&#8220;insurance-icon-small&#8220;]JTNDaSUyMGNsYXNzJTNEJTIyZmFsJTIwZmEtdXNlci10aWUlMjIlM0UlM0MlMkZpJTNF[\/vc_raw_html][vc_column_text]<\/p>\n<h5 style=\"text-align: center;\">Slu\u017eebn\u00ed cesta<\/h5>\n<p style=\"text-align: center;\">A\u0165 u\u017e se jedn\u00e1 o jednor\u00e1zovou slu\u017eebn\u00ed cestu nebo o pravidelnou pracovn\u00ed n\u00e1v\u0161t\u011bvu, nezapome\u0148te si sv\u00e9 cesty pojistit.<\/p>\n<p>[\/vc_column_text][\/vc_column_inner][vc_column_inner width=&#8220;1\/3&#8243;][vc_raw_html el_class=&#8220;insurance-icon-small&#8220;]JTNDaSUyMGNsYXNzJTNEJTIyZmFsJTIwZmEtZ2xvYmUlMjIlM0UlM0MlMkZpJTNF[\/vc_raw_html][vc_column_text]<\/p>\n<h5 style=\"text-align: center;\">\u010cast\u00e9 cesty pro z\u00e1bavu<\/h5>\n<p style=\"text-align: center;\">Bez ohledu na to, kolik cest ro\u010dn\u011b podniknete, v\u0161echny sv\u00e9 cesty si m\u016f\u017eete pojistit p\u0159\u00edmo p\u0159es aplikaci.<\/p>\n<p>[\/vc_column_text][\/vc_column_inner][\/vc_row_inner][vc_btn title=&#8220;St\u00e1hn\u011bte si aplikaci&#8220; align=&#8220;center&#8220; el_class=&#8220;download-app-trigger&#8220;][\/vc_column][\/vc_row][vc_row full_width=&#8220;stretch_row&#8220; el_class=&#8220;insurance-banner&#8220;][vc_column][vc_column_text]<\/p>\n<h3 style=\"text-align: center;\">Postup v nouzov\u00fdch p\u0159\u00edpadech<\/h3>\n<p style=\"text-align: center;\">AXA Assistance m\u00e1 odborn\u00e9 l\u00e9ka\u0159sk\u00e9 znalosti, kontakty a za\u0159\u00edzen\u00ed, kter\u00e1 v\u00e1m pomohou v p\u0159\u00edpad\u011b zran\u011bn\u00ed p\u0159i nehod\u011b \u010di onemocn\u011bn\u00ed.<\/p>\n<p>[\/vc_column_text][vc_row_inner][vc_column_inner][vc_raw_html el_class=&#8220;insurance-icon-small&#8220;]JTNDaSUyMGNsYXNzJTNEJTIyZmFsJTIwZmEtdXNlci1oZWFkc2V0JTIyJTNFJTNDJTJGaSUzRQ==[\/vc_raw_html][vc_column_text]<\/p>\n<h5 style=\"text-align: center;\">24 hodin denn\u011b.<\/h5>\n<p style=\"text-align: center;\">Oper\u00e1to\u0159i linky l\u00e9ka\u0159sk\u00e9 asistence jsou v\u00e1m k dispozici 24 hodin denn\u011b.<\/p>\n<p>[\/vc_column_text][vc_column_text]<\/p>\n<h5 style=\"text-align: center;\">Pot\u0159ebn\u00e9 informace<\/h5>\n<p style=\"text-align: center;\"><strong>M\u011bjte p\u0159ipraven\u00e9 tyto informace o sob\u011b (osob\u011b, kter\u00e1 byla p\u0159i incidentu posti\u017eena):<\/strong><\/p>\n<p style=\"text-align: center;\">jm\u00e9no, p\u0159\u00edjmen\u00ed a datum narozen\u00ed<\/p>\n<p style=\"text-align: center;\">\u010d\u00edslo poji\u0161t\u011bn\u00ed<\/p>\n<p style=\"text-align: center;\">zakoupen\u00e9 poji\u0161t\u011bn\u00ed<\/p>\n<p style=\"text-align: center;\">telefonn\u00ed \u010d\u00edslo, na kter\u00e9 je mo\u017en\u00e9 v\u00e1m zavolat<\/p>\n<p style=\"text-align: center;\">stru\u010dn\u00fd popis probl\u00e9mu, kter\u00fd nastal<\/p>\n<p>[\/vc_column_text][\/vc_column_inner][\/vc_row_inner][vc_column_text]<\/p>\n<h1 style=\"text-align: center;\"><strong>Zavolejte na linku l\u00e9ka\u0159sk\u00e9 asistence +44 1 737 334 402 nebo po\u0161lete e-mail na:\u00a0<a href=\"mailto:info@axa-assistance.cz\">info@<span lang=\"CS\">axa-assistance.cz<\/span><\/a><\/strong><\/h1>\n<p>[\/vc_column_text][\/vc_column][\/vc_row][vc_row full_width=&#8220;stretch_row&#8220; equal_height=&#8220;yes&#8220; content_placement=&#8220;middle&#8220; el_class=&#8220;insurance-banner light&#8220;][vc_column offset=&#8220;vc_col-lg-6 vc_col-md-6&#8243;][vc_column_text]<\/p>\n<h1>T\u011b\u0161te se na cestu<\/h1>\n<h2>bez starost\u00ed..<\/h2>\n<p>Na rozd\u00edl od celoro\u010dn\u00edch cestovn\u00edch pojistek plat\u00ed jednor\u00e1zov\u00e9 cestovn\u00ed poji\u0161t\u011bn\u00ed pouze po dobu trv\u00e1n\u00ed va\u0161\u00ed dovolen\u00e9 a d\u0159\u00edve pouze pro \u00fa\u010dely storna. Kdy\u017e si sjedn\u00e1v\u00e1te svoji jednor\u00e1zovou cestovn\u00ed pojistku, m\u016f\u017eete ur\u010dit, kdy chcete, aby za\u010d\u00ednala a kon\u010dila. To znamen\u00e1, \u017ee si m\u016f\u017eete sv\u00e9 jednor\u00e1zov\u00e9 cestovn\u00ed poji\u0161t\u011bn\u00ed zarezervovat m\u011bs\u00edce dop\u0159edu a t\u011b\u0161it se na svoji dovolenou bez jak\u00fdchkoli starost\u00ed.<\/p>\n<p>Va\u0161e pojistka bude platit od chv\u00edle, kdy odjedete z domu, a\u017e do va\u0161eho n\u00e1vratu. D\u00edky tomu budete moci relaxovat od sam\u00e9ho za\u010d\u00e1tku sv\u00e9 cesty. Takt\u00e9\u017e v\u00e1s kryje pro \u00fa\u010dely storna od zakoupen\u00ed pojistky a\u017e do za\u010d\u00e1tku va\u0161\u00ed cesty.[\/vc_column_text][vc_btn title=&#8220;St\u00e1hn\u011bte si aplikaci&#8220; el_class=&#8220;download-app-trigger&#8220;][\/vc_column][vc_column offset=&#8220;vc_col-lg-6 vc_col-md-6&#8243;][vc_raw_html el_class=&#8220;insurance-icon-big&#8220;]JTNDaSUyMGNsYXNzJTNEJTIyZmFsJTIwZmEtbGFwdG9wLW1lZGljYWwlMjIlM0UlM0MlMkZpJTNF[\/vc_raw_html][\/vc_column][\/vc_row][vc_row full_width=&#8220;stretch_row&#8220; equal_height=&#8220;yes&#8220; content_placement=&#8220;middle&#8220; el_class=&#8220;insurance-banner light bordered-top&#8220;][vc_column][vc_column_text]<\/p>\n<h3 style=\"text-align: center;\">Jedni\u010dka mezi zna\u010dkami poji\u0161t\u011bn\u00ed ji\u017e deset let po sob\u011b<\/h3>\n<p style=\"text-align: center;\">Aplikace Travel a la carte se spojila se spole\u010dnost\u00ed AXA a spole\u010dn\u011b nab\u00edz\u00ed tarify cestovn\u00edho poji\u0161t\u011bn\u00ed ve spojen\u00ed se slu\u017ebami cestovn\u00ed asistence, aby nejen pomohly nahradit poji\u0161t\u011bn\u00e9 ztr\u00e1ty, ale tak\u00e9 poskytnout podporu v nouzov\u00fdch situac\u00edch.<\/p>\n<p>[\/vc_column_text][vc_single_image image=&#8220;26&#8243; alignment=&#8220;center&#8220; el_class=&#8220;image-grayscale&#8220;][vc_btn title=&#8220;St\u00e1hn\u011bte si aplikaci&#8220; align=&#8220;center&#8220; el_class=&#8220;download-app-trigger&#8220;][\/vc_column][\/vc_row][vc_row full_width=&#8220;stretch_row&#8220; el_class=&#8220;insurance-banner&#8220;][vc_column offset=&#8220;vc_col-lg-6 vc_col-md-6&#8243;][vc_column_text]<\/p>\n<h3>U\u017eijte si ka\u017edou minutu sv\u00e9ho volna<\/h3>\n<p>S cestovn\u00edm poji\u0161t\u011bn\u00edm od spole\u010dnosti AXA m\u016f\u017eete nechat sv\u00e9 starosti doma.<\/p>\n<p>Kdy\u017e se jedn\u00e1 o cestovn\u00ed poji\u0161t\u011bn\u00ed, je snadn\u00e9 si \u0159\u00edkat \u201emn\u011b se to ur\u010dit\u011b nestane\u201c, ale sjedn\u00e1n\u00ed cestovn\u00edho poji\u0161t\u011bn\u00ed je o pl\u00e1nov\u00e1n\u00ed pro neo\u010dek\u00e1van\u00e9 situace. Nikdy nev\u00edte, co se m\u016f\u017ee st\u00e1t, kdy\u017e vyraz\u00edte na dovolenou. Nejen nehoda, ale i onemocn\u011bn\u00ed nebo ztr\u00e1ta zavazadel m\u016f\u017ee va\u0161i cestu opravdu znep\u0159\u00edjemnit.<br \/>\nCestovn\u00ed poji\u0161t\u011bn\u00ed je zp\u016fsob, jak se p\u0159ipravit pro p\u0159\u00edpad, \u017ee se n\u011bco nepovede, abyste si mohli bez starost\u00ed u\u017e\u00edt ka\u017edou minutu sv\u00e9ho volna.<br \/>\n[\/vc_column_text][\/vc_column][vc_column el_class=&#8220;reviews&#8220; offset=&#8220;vc_col-lg-6 vc_col-md-6&#8243;][vc_column_text el_class=&#8220;review active&#8220;]Velmi rychl\u00e1 asistence<\/p>\n<p><strong>Pojistn\u00edk na \u00farovni platinum<\/strong>[\/vc_column_text][vc_column_text el_class=&#8220;review&#8220;]V\u00fdsledky byly \u00fa\u017easn\u00e9<\/p>\n<p><strong>Vd\u011b\u010dn\u00e1 man\u017eelka<\/strong>[\/vc_column_text][vc_column_text el_class=&#8220;review&#8220;]Profesion\u00e1ln\u00ed slu\u017eby!<\/p>\n<p><strong>Cestovatel<\/strong>[\/vc_column_text][\/vc_column][\/vc_row][vc_row full_width=&#8220;stretch_row&#8220; el_class=&#8220;insurance-tabs&#8220;][vc_column][vc_tta_tabs active_section=&#8220;1&#8243;][vc_tta_section title=&#8220;\u010casto kladen\u00e9 ot\u00e1zky&#8220; tab_id=&#8220;1563966210454-82a20098-3404&#8243;][vc_toggle title=&#8220;Co je to cestovn\u00ed poji\u0161t\u011bn\u00ed?&#8220;]Cestovn\u00ed poji\u0161t\u011bn\u00ed je n\u011bco, co byste si m\u011bli koupit na ka\u017edou dovolenou nebo cestu do zahrani\u010d\u00ed. Pokud se na cest\u011b do zahrani\u010d\u00ed zran\u00edte, cestovn\u00ed poji\u0161t\u011bn\u00ed m\u016f\u017ee pokr\u00fdt va\u0161e n\u00e1klady na l\u00e9ka\u0159skou p\u00e9\u010di a p\u0159\u00edpadnou repatriaci v p\u0159\u00edpad\u011b v\u00e1\u017en\u00e9ho \u00farazu. Pokud je z nep\u0159edv\u00eddateln\u00e9ho d\u016fvodu, jako je t\u0159eba nemoc nebo \u00famrt\u00ed bl\u00edzk\u00e9ho rodinn\u00e9ho p\u0159\u00edslu\u0161n\u00edka, nutn\u00e9 va\u0161i cestu zru\u0161it, m\u016f\u017ee cestovn\u00ed poji\u0161t\u011bn\u00ed pokr\u00fdt p\u0159\u00edpadn\u00e9 pen\u011b\u017eit\u00e9 ztr\u00e1ty. A pokud budou va\u0161e zavazadla \u010di osobn\u00ed v\u011bci po\u0161kozena nebo ztracena, cestovn\u00ed poji\u0161t\u011bn\u00ed v\u00e1m m\u016f\u017ee uhradit \u0161kodu a\u017e do v\u00fd\u0161e stanoven\u00e9ho limitu. [\/vc_toggle][vc_toggle title=&#8220;M\u00e1te v\u011bkov\u00fd limit?&#8220;]U poji\u0161t\u011bn\u00ed jednor\u00e1zov\u00fdch cest nen\u00ed stanoven \u017e\u00e1dn\u00fd v\u011bkov\u00fd limit, a\u010dkoli z\u00e1kazn\u00edci ve v\u011bku od 80 let jsou kryti na cesty po Evrop\u011b maxim\u00e1ln\u011b na 30 dn\u016f. [\/vc_toggle][vc_toggle title=&#8220;Jak cestovn\u00ed poji\u0161t\u011bn\u00ed funguje?&#8220;]Jednor\u00e1zov\u00e9 poji\u0161t\u011bn\u00ed cesty je cestovn\u00ed poji\u0161t\u011bn\u00ed, kter\u00e9 si sjedn\u00e1te na jednu cestu, na konkr\u00e9tn\u00ed destinaci a stanoven\u00e9 obdob\u00ed. [\/vc_toggle][vc_toggle title=&#8220;Ke sta\u017een\u00ed \u2013 v\u0161eobecn\u00e9 obchodn\u00ed podm\u00ednky a dal\u0161\u00ed&#8220;]<a href=\"https:\/\/www.t-alacarte.com\/wp-content\/uploads\/2019\/08\/P4b_VPP_Travel_a_la_carte_ENG-CZ-20190204_cistopis-1.pdf\" target=\"_blank\" rel=\"noopener noreferrer\">V\u0161eobecn\u00e9 pojistn\u00e9 podm\u00ednky cestovn\u00edho poji\u0161t\u011bn\u00ed<\/a>.[\/vc_toggle][\/vc_tta_section][\/vc_tta_tabs][\/vc_column][\/vc_row][vc_row full_width=&#8220;stretch_row&#8220; el_class=&#8220;insurance-banner&#8220;][vc_column][vc_column_text]<\/p>\n<h3 style=\"text-align: center;\">P\u0159ipraveni si zarezervovat cestovn\u00ed poji\u0161t\u011bn\u00ed?<\/h3>\n<p style=\"text-align: center;\">Je to rychl\u00e9 a snadn\u00e9, sjednejte si poji\u0161t\u011bn\u00ed je\u0161t\u011b dnes!<\/p>\n<p>[\/vc_column_text][vc_btn title=&#8220;St\u00e1hn\u011bte si aplikaci&#8220; align=&#8220;center&#8220; el_class=&#8220;download-app-trigger&#8220;][\/vc_column][\/vc_row]<\/p>\n<\/div>","protected":false},"excerpt":{"rendered":"<p>[vc_row full_width=&#8220;stretch_row&#8220; equal_height=&#8220;yes&#8220; content_placement=&#8220;middle&#8220; el_class=&#8220;insurance-banner bg-image&#8220; css=&#8220;.vc_custom_1563957229774{background-image: url(https:\/\/www.t-alacarte.com\/wp\/wp-content\/uploads\/2019\/07\/insurance_background-1.jpg?id=91) !important;background-position: center !important;background-repeat: no-repeat !important;background-size: cover !important;}&#8220;][vc_column width=&#8220;2\/3&#8243;][vc_column_text] Cestovn\u00ed poji\u0161t\u011bn\u00ed AXA Kupte si spolehliv\u00e9 cestovn\u00ed poji\u0161t\u011bn\u00ed na jakoukoli cestu do zahrani\u010d\u00ed p\u0159\u00edmo p\u0159es na\u0161i aplikaci! [\/vc_column_text][\/vc_column][vc_column width=&#8220;1\/3&#8243; el_class=&#8220;insurance-card&#8220;][vc_column_text] Cestovn\u00ed poji\u0161t\u011bn\u00ed na jednu cestu [\/vc_column_text][vc_column_text el_class=&#8220;text-card icon-check&#8220;]Cena za pojistn\u00e9 kryt\u00ed jedn\u00e9 cesty na m\u00edru[\/vc_column_text][vc_column_text el_class=&#8220;text-card icon-check&#8220;]Non-stop nouzov\u00e1 asistence[\/vc_column_text][vc_column_text [&hellip;]<\/p>\n","protected":false},"author":1,"featured_media":0,"parent":0,"menu_order":0,"comment_status":"closed","ping_status":"closed","template":"","meta":{"footnotes":""},"class_list":["post-268","page","type-page","status-publish","hentry"],"_links":{"self":[{"href":"https:\/\/travel-tacpay.com\/cs\/wp-json\/wp\/v2\/pages\/268","targetHints":{"allow":["GET"]}}],"collection":[{"href":"https:\/\/travel-tacpay.com\/cs\/wp-json\/wp\/v2\/pages"}],"about":[{"href":"https:\/\/travel-tacpay.com\/cs\/wp-json\/wp\/v2\/types\/page"}],"author":[{"embeddable":true,"href":"https:\/\/travel-tacpay.com\/cs\/wp-json\/wp\/v2\/users\/1"}],"replies":[{"embeddable":true,"href":"https:\/\/travel-tacpay.com\/cs\/wp-json\/wp\/v2\/comments?post=268"}],"version-history":[{"count":0,"href":"https:\/\/travel-tacpay.com\/cs\/wp-json\/wp\/v2\/pages\/268\/revisions"}],"wp:attachment":[{"href":"https:\/\/travel-tacpay.com\/cs\/wp-json\/wp\/v2\/media?parent=268"}],"curies":[{"name":"wp","href":"https:\/\/api.w.org\/{rel}","templated":true}]}}