{"id":570,"date":"2019-08-19T08:21:36","date_gmt":"2019-08-19T08:21:36","guid":{"rendered":"https:\/\/www.t-alacarte.com\/about-us\/"},"modified":"2020-02-19T14:50:29","modified_gmt":"2020-02-19T14:50:29","slug":"about-us","status":"publish","type":"page","link":"https:\/\/travel-tacpay.com\/cs\/about-us\/","title":{"rendered":"O n\u00e1s"},"content":{"rendered":"<div class=\"wpb-content-wrapper\"><p>[vc_row full_width=&#8220;stretch_row&#8220; el_class=&#8220;image-header-row&#8220;][vc_column]<div id=\"rowvcpt-row-settings\" class=\"rowvcpt-row-set RowVcPt-row-setting69dfcdd2efa07 \" data-no=\"RowVcPt-row-setting69dfcdd2efa07\"><div class=\"columns-bg-wrap columns-bg-anim-colors columns-bg-image  columns_simple_image\" id=\"RowVcPt-image-bg-69dfcdd2efa06\"   data-parallax_sense=\"30\" src=\"https:\/\/travel-tacpay.com\/wp-content\/uploads\/2019\/08\/68491579_2308363392808392_5963621485598736384_n.jpg\" style=\"background-image: url(https:\/\/travel-tacpay.com\/wp-content\/uploads\/2019\/08\/68491579_2308363392808392_5963621485598736384_n.jpg);background-position: center center;background-size: cover;background-attachment: scroll;\"><\/div><div class=\"rowvcpt-overlay\" style=\"background:rgba(0,0,0,0.21)\"><\/div><\/div>[vc_column_text el_class=&#8220;header-on-image&#8220;]<\/p>\n<h2>Aplikace Travel a la carte nab\u00edz\u00ed spr\u00e1vu v\u0161ech va\u0161ich rezervac\u00ed a cestovn\u00edch slu\u017eeb v jedn\u00e9 mobiln\u00ed aplikaci<\/h2>\n<p>[\/vc_column_text][\/vc_column][\/vc_row][vc_row full_width=&#8220;stretch_row&#8220; el_class=&#8220;about-us-banner light&#8220;][vc_column][vc_column_text]<\/p>\n<h1>O n\u00e1s<\/h1>\n<p>Aplikaci Travel a la carte zalo\u017eily t\u0159i spoluzakladatelky. Podnikatelky Ivana Hronova, Kim Najman a Olga Grillova vytvo\u0159ily cestovatelskou aplikaci Travel a la Carte v roce 2018 pot\u00e9, co si v\u0161imly mezery na trhu, kde chyb\u011bla univerz\u00e1ln\u00ed rezerva\u010dn\u00ed platforma. Aby svoji aplikaci posunuly je\u0161t\u011b o krok d\u00e1l, p\u0159idaly do n\u00ed integrovanou pen\u011b\u017eenku TAC eWallet, kterou lze dob\u00edjet a pou\u017e\u00edvat v zahrani\u010d\u00ed, a FOXI, asistentku na b\u00e1zi um\u011bl\u00e9 inteligence, kter\u00e1 dok\u00e1\u017ee pomoci cestovatel\u016fm a rekreant\u016fm na jejich cest\u00e1ch.<\/p>\n<p>Jako cestovatelky zjistily, \u017ee neexistuj\u00ed platformy a aplikace, d\u00edky nim\u017e by bylo cestov\u00e1n\u00ed snadn\u00e9, jasn\u00e9 a naprosto bez starost\u00ed. Travel a la Carte je prvn\u00ed cestovn\u00ed aplikace, kter\u00e1 organizuje v\u0161echny rezervace u\u017eivatele na jedn\u00e9 platform\u011b a vy\u0159e\u0161\u00ed v\u0161echny probl\u00e9my modern\u00edho cestovatele vytvo\u0159en\u00edm bezprobl\u00e9mov\u00e9ho z\u00e1\u017eitku.<\/p>\n<p>Centr\u00e1la Travel a la carte s\u00eddl\u00ed v Praze a kancel\u00e1\u0159e se nach\u00e1z\u00ed takt\u00e9\u017e v \u010c\u00edn\u011b, kde prob\u00edh\u00e1 rozvoj obchodu. V roce 2019 otev\u0159ela Travel a la carte svoji t\u0159et\u00ed kancel\u00e1\u0159 v New Yorku, kter\u00e1 uvede aplikaci v roce 2019 na americk\u00fd trh.[\/vc_column_text][\/vc_column][\/vc_row][vc_row full_width=&#8220;stretch_row&#8220; el_class=&#8220;image-header-row&#8220;][vc_column]<div id=\"rowvcpt-row-settings\" class=\"rowvcpt-row-set RowVcPt-row-setting69dfcdd2f0368 \" data-no=\"RowVcPt-row-setting69dfcdd2f0368\"><div class=\"columns-bg-wrap columns-bg-anim-colors columns-bg-image  columns_simple_image\" id=\"RowVcPt-image-bg-69dfcdd2f0367\"   data-parallax_sense=\"30\" src=\"https:\/\/travel-tacpay.com\/wp-content\/uploads\/2019\/08\/bucharest-city-guide.jpg\" style=\"background-image: url(https:\/\/travel-tacpay.com\/wp-content\/uploads\/2019\/08\/bucharest-city-guide.jpg);background-position: center center;background-size: cover;background-attachment: scroll;\"><\/div><div class=\"rowvcpt-overlay\" style=\"background:rgba(0,0,0,0.21)\"><\/div><\/div>[\/vc_column][\/vc_row][vc_row full_width=&#8220;stretch_row&#8220; el_class=&#8220;about-us-banner light continents-background&#8220;][vc_column][vc_column_text]<\/p>\n<h3>Pro\u010d rezervovat s n\u00e1mi?<\/h3>\n<p>[\/vc_column_text][vc_row_inner][vc_column_inner width=&#8220;1\/2&#8243;][vc_raw_html el_class=&#8220;about-us-icon&#8220;]JTNDaSUyMGNsYXNzJTNEJTIyZmFzJTIwZmEtZ2xvYmUlMjIlM0UlM0MlMkZpJTNF[\/vc_raw_html][vc_column_text]<\/p>\n<h4>V\u0161e v jedn\u00e9 aplikaci<\/h4>\n<p>Bez ohledu na to, do kter\u00e9 \u010d\u00e1sti sv\u011bta se chcete vydat, Travel a la carte v\u00e1s tam dostane. Od letenek a hotel\u016f a\u017e po vstupenky na atrakce spojuje na\u0161e rozs\u00e1hl\u00e1 s\u00ed\u0165 v\u0161echny kouty sv\u011bta.[\/vc_column_text][\/vc_column_inner][vc_column_inner width=&#8220;1\/2&#8243;][vc_raw_html el_class=&#8220;about-us-icon&#8220;]JTNDaSUyMGNsYXNzJTNEJTIyZmFyJTIwZmEtd2lmaSUyMiUzRSUzQyUyRmklM0U=[\/vc_raw_html][vc_column_text]<\/p>\n<h4>Propojeno<\/h4>\n<p>V\u017edy budete m\u00edt p\u0159\u00edstup ke sv\u00fdm potvrzen\u00fdm rezervac\u00edm na jednom m\u00edst\u011b. U\u017e nemus\u00edte proch\u00e1zet e-maily nebo tisknout vstupenky. V\u0161echno budete m\u00edt na jednom bezpe\u010dn\u00e9m m\u00edst\u011b.[\/vc_column_text][\/vc_column_inner][\/vc_row_inner][vc_row_inner][vc_column_inner width=&#8220;1\/2&#8243;][vc_raw_html el_class=&#8220;about-us-icon&#8220;]JTNDaSUyMGNsYXNzJTNEJTIyZmFsJTIwZmEtYXdhcmQlMjIlM0UlM0MlMkZpJTNF[\/vc_raw_html][vc_column_text]<\/p>\n<h4>Servis<\/h4>\n<p>S Foxi m\u016f\u017eete cestovat bez starost\u00ed a z\u00e1rove\u0148 si b\u00fdt jisti, \u017ee jsme k dispozici, pokud n\u00e1s budete pot\u0159ebovat. N\u00e1\u0161 t\u00fdm z\u00e1kaznick\u00fdch slu\u017eeb ovl\u00e1d\u00e1 n\u011bkolik jazyk\u016f a slu\u017eby v angli\u010dtin\u011b jsou k dispozici 24 hodin denn\u011b p\u0159es chat, e-mail nebo p\u0159\u00edmo prost\u0159ednictv\u00edm na\u0161\u00ed mobiln\u00ed aplikace.[\/vc_column_text][\/vc_column_inner][\/vc_row_inner][vc_row_inner disable_element=&#8220;yes&#8220;][vc_column_inner width=&#8220;1\/2&#8243;][vc_raw_html el_class=&#8220;about-us-icon&#8220;]JTNDaSUyMGNsYXNzJTNEJTIyZmFzJTIwZmEtbG9jay1hbHQlMjIlM0UlM0MlMkZpJTNF[\/vc_raw_html][vc_column_text]<\/p>\n<h4>Zabezpe\u010den\u00e1 platba<\/h4>\n<p>Zabezpe\u010den\u00ed \u00fadaj\u016f je na\u0161\u00ed hlavn\u00ed prioritou. A\u0165 u\u017e plat\u00edte kreditn\u00ed kartou nebo p\u0159es na\u0161e platebn\u00ed \u0159e\u0161en\u00ed v podob\u011b pen\u011b\u017eenky TAC, va\u0161e platebn\u00ed \u00fadaje budou v\u017edy chr\u00e1n\u011bny.[\/vc_column_text][\/vc_column_inner][\/vc_row_inner][\/vc_column][\/vc_row][vc_row full_width=&#8220;stretch_row&#8220; el_class=&#8220;image-header-row top-skew&#8220;][vc_column]<div id=\"rowvcpt-row-settings\" class=\"rowvcpt-row-set RowVcPt-row-setting69dfcdd2f07fd \" data-no=\"RowVcPt-row-setting69dfcdd2f07fd\"><div class=\"columns-bg-wrap columns-bg-anim-colors columns-bg-image  columns_simple_image\" id=\"RowVcPt-image-bg-69dfcdd2f07fc\"   data-parallax_sense=\"30\" src=\"https:\/\/travel-tacpay.com\/wp-content\/uploads\/2019\/08\/sydney-travel.adapt_.1900.1.jpg\" style=\"background-image: url(https:\/\/travel-tacpay.com\/wp-content\/uploads\/2019\/08\/sydney-travel.adapt_.1900.1.jpg);background-position: center center;background-size: cover;background-attachment: scroll;\"><\/div><div class=\"rowvcpt-overlay\" style=\"background:rgba(0,0,0,0.21)\"><\/div><\/div>[vc_row_inner][vc_column_inner width=&#8220;1\/3&#8243;][\/vc_column_inner][vc_column_inner width=&#8220;2\/3&#8243;][vc_column_text el_class=&#8220;header-on-image&#8220;]<\/p>\n<h4>U\u017e se nem\u016f\u017eete do\u010dkat, a\u017e procestujete cel\u00fd sv\u011bt?<\/h4>\n<h2>St\u00e1hn\u011bte si na\u0161i aplikaci hned te\u010f!<\/h2>\n<p>[\/vc_column_text][vc_raw_html]JTNDZGl2JTIwY2xhc3MlM0QlMjJwbGF0Zm9ybS1kb3dubG9hZC1iaWclMjIlM0UlMEElMjAlMjAlM0NhJTIwaHJlZiUzRCUyMmh0dHBzJTNBJTJGJTJGaXR1bmVzLmFwcGxlLmNvbSUyRnVzJTJGYXBwJTJGdHJhdmVsLWEtbGEtY2FydGUlMkZpZDEzMDExMDcwMTglM0ZscyUzRDElMjZtdCUzRDglMjIlMjB0YXJnZXQlM0QlMjJfYmxhbmslMjIlMjBjbGFzcyUzRCUyMmFwcGxlLXN0b3JlJTIwYXBwLXN0b3JlLWJhZGdlJTIyJTNFJTBBJTIwJTIwJTIwJTIwJTNDc3BhbiUyMGNsYXNzJTNEJTIyc3Itb25seSUyMiUzRVN0JUMzJUExaG5vdXQlMjBuYSUyMEFwcGxlJTIwU3RvcmUlM0MlMkZzcGFuJTNFJTBBJTIwJTIwJTNDJTJGYSUzRSUwQSUyMCUyMCUzQ2ElMjBocmVmJTNEJTIyaHR0cHMlM0ElMkYlMkZwbGF5Lmdvb2dsZS5jb20lMkZzdG9yZSUyRmFwcHMlMkZkZXRhaWxzJTNGaWQlM0Rjb20uc2VyYXBoaWMudHJhdmVsJTIyJTIwdGFyZ2V0JTNEJTIyX2JsYW5rJTIyJTIwY2xhc3MlM0QlMjJnb29nbGUtcGxheSUyMGFwcC1zdG9yZS1iYWRnZSUyMiUzRSUwQSUyMCUyMCUyMCUyMCUzQ3NwYW4lMjBjbGFzcyUzRCUyMnNyLW9ubHklMjIlM0VTdCVDMyVBMWhub3V0JTIwbmElMjBHb29nbGUlMjBQbGF5JTNDJTJGc3BhbiUzRSUwQSUyMCUyMCUzQyUyRmElM0UlMEElM0MlMkZkaXYlM0U=[\/vc_raw_html][\/vc_column_inner][\/vc_row_inner][\/vc_column][\/vc_row]<\/p>\n<\/div>","protected":false},"excerpt":{"rendered":"<p>[vc_row full_width=&#8220;stretch_row&#8220; el_class=&#8220;image-header-row&#8220;][vc_column][vc_column_text el_class=&#8220;header-on-image&#8220;] Aplikace Travel a la carte nab\u00edz\u00ed spr\u00e1vu v\u0161ech va\u0161ich rezervac\u00ed a cestovn\u00edch slu\u017eeb v jedn\u00e9 mobiln\u00ed aplikaci [\/vc_column_text][\/vc_column][\/vc_row][vc_row full_width=&#8220;stretch_row&#8220; el_class=&#8220;about-us-banner light&#8220;][vc_column][vc_column_text] O n\u00e1s Aplikaci Travel a la carte zalo\u017eily t\u0159i spoluzakladatelky. Podnikatelky Ivana Hronova, Kim Najman a Olga Grillova vytvo\u0159ily cestovatelskou aplikaci Travel a la Carte v roce 2018 pot\u00e9, co [&hellip;]<\/p>\n","protected":false},"author":1,"featured_media":0,"parent":0,"menu_order":0,"comment_status":"closed","ping_status":"closed","template":"","meta":{"footnotes":""},"class_list":["post-570","page","type-page","status-publish","hentry"],"_links":{"self":[{"href":"https:\/\/travel-tacpay.com\/cs\/wp-json\/wp\/v2\/pages\/570","targetHints":{"allow":["GET"]}}],"collection":[{"href":"https:\/\/travel-tacpay.com\/cs\/wp-json\/wp\/v2\/pages"}],"about":[{"href":"https:\/\/travel-tacpay.com\/cs\/wp-json\/wp\/v2\/types\/page"}],"author":[{"embeddable":true,"href":"https:\/\/travel-tacpay.com\/cs\/wp-json\/wp\/v2\/users\/1"}],"replies":[{"embeddable":true,"href":"https:\/\/travel-tacpay.com\/cs\/wp-json\/wp\/v2\/comments?post=570"}],"version-history":[{"count":0,"href":"https:\/\/travel-tacpay.com\/cs\/wp-json\/wp\/v2\/pages\/570\/revisions"}],"wp:attachment":[{"href":"https:\/\/travel-tacpay.com\/cs\/wp-json\/wp\/v2\/media?parent=570"}],"curies":[{"name":"wp","href":"https:\/\/api.w.org\/{rel}","templated":true}]}}