{"id":575,"date":"2019-08-19T13:03:25","date_gmt":"2019-08-19T13:03:25","guid":{"rendered":"https:\/\/www.t-alacarte.com\/contact-us\/"},"modified":"2019-10-07T12:00:32","modified_gmt":"2019-10-07T12:00:32","slug":"contact-us","status":"publish","type":"page","link":"https:\/\/travel-tacpay.com\/cs\/contact-us\/","title":{"rendered":"Kontaktujte n\u00e1s"},"content":{"rendered":"<div class=\"wpb-content-wrapper\"><p>[vc_row full_width=&#8220;stretch_row&#8220;][vc_column]<div id=\"rowvcpt-row-settings\" class=\"rowvcpt-row-set RowVcPt-row-setting69e4b464c20d4 \" data-no=\"RowVcPt-row-setting69e4b464c20d4\"><div class=\"columns-bg-wrap columns-bg-anim-colors columns-bg-image  columns_simple_image\" id=\"RowVcPt-image-bg-69e4b464c20d3\"   data-parallax_sense=\"30\" src=\"https:\/\/travel-tacpay.com\/wp-content\/uploads\/2019\/08\/Think-Kuwait-KuwaitCity-519039840-ArloMagicman-copy.jpg\" style=\"background-image: url(https:\/\/travel-tacpay.com\/wp-content\/uploads\/2019\/08\/Think-Kuwait-KuwaitCity-519039840-ArloMagicman-copy.jpg);background-position: center center;background-size: cover;background-attachment: scroll;\"><\/div><div class=\"rowvcpt-overlay\" style=\"background:rgba(255,255,255,0.78)\"><\/div><\/div>[vc_column_text css=&#8220;.vc_custom_1570449576902{margin-top: 150px !important;margin-bottom: 80px !important;}&#8220;]<\/p>\n<h1 style=\"text-align: center;\">Kontaktujte n\u00e1s<\/h1>\n<p style=\"text-align: center;\">M\u00e1te n\u011bjak\u00e9 ot\u00e1zky?<\/p>\n<p>[\/vc_column_text][vc_row_inner][vc_column_inner width=&#8220;1\/4&#8243;][\/vc_column_inner][vc_column_inner width=&#8220;1\/4&#8243;][vc_raw_html el_class=&#8220;contact-us-icon&#8220;]JTNDaSUyMGNsYXNzJTNEJTIyZmFzJTIwZmEtYXQlMjIlM0UlM0MlMkZpJTNF[\/vc_raw_html][vc_column_text]<\/p>\n<p style=\"text-align: center;\"><a href=\"mailto:info@t-alacarte.com\">Kontaktujte n\u00e1s e-mailem<\/a><\/p>\n<p>[\/vc_column_text][\/vc_column_inner][vc_column_inner width=&#8220;1\/4&#8243;][vc_raw_html el_class=&#8220;contact-us-icon&#8220;]JTNDaSUyMGNsYXNzJTNEJTIyZmFiJTIwZmEtZmFjZWJvb2stbWVzc2VuZ2VyJTIyJTNFJTNDJTJGaSUzRQ==[\/vc_raw_html][vc_column_text]<\/p>\n<p style=\"text-align: center;\"><a href=\"https:\/\/www.facebook.com\/TACTravelalacarte\/\" target=\"_blank\" rel=\"noopener noreferrer\">Kontaktujte n\u00e1s p\u0159es Messenger<\/a><\/p>\n<p>[\/vc_column_text][\/vc_column_inner][vc_column_inner width=&#8220;1\/4&#8243;][\/vc_column_inner][\/vc_row_inner][vc_column_text css=&#8220;.vc_custom_1567613673116{margin-top: 50px !important;margin-bottom: 100px !important;}&#8220;]<\/p>\n<p style=\"text-align: center;\"><strong>Travel a la carte a.s.<\/strong><\/p>\n<p style=\"text-align: center;\">Rybalkova 1433\/14<br \/>\nVinohrady (Praha 2)<br \/>\n120 00 Praha<\/p>\n<p>[\/vc_column_text][\/vc_column][\/vc_row]<\/p>\n<\/div>","protected":false},"excerpt":{"rendered":"<p>[vc_row full_width=&#8220;stretch_row&#8220;][vc_column][vc_column_text css=&#8220;.vc_custom_1570449576902{margin-top: 150px !important;margin-bottom: 80px !important;}&#8220;] Kontaktujte n\u00e1s M\u00e1te n\u011bjak\u00e9 ot\u00e1zky? [\/vc_column_text][vc_row_inner][vc_column_inner width=&#8220;1\/4&#8243;][\/vc_column_inner][vc_column_inner width=&#8220;1\/4&#8243;][vc_raw_html el_class=&#8220;contact-us-icon&#8220;]JTNDaSUyMGNsYXNzJTNEJTIyZmFzJTIwZmEtYXQlMjIlM0UlM0MlMkZpJTNF[\/vc_raw_html][vc_column_text] Kontaktujte n\u00e1s e-mailem [\/vc_column_text][\/vc_column_inner][vc_column_inner width=&#8220;1\/4&#8243;][vc_raw_html el_class=&#8220;contact-us-icon&#8220;]JTNDaSUyMGNsYXNzJTNEJTIyZmFiJTIwZmEtZmFjZWJvb2stbWVzc2VuZ2VyJTIyJTNFJTNDJTJGaSUzRQ==[\/vc_raw_html][vc_column_text] Kontaktujte n\u00e1s p\u0159es Messenger [\/vc_column_text][\/vc_column_inner][vc_column_inner width=&#8220;1\/4&#8243;][\/vc_column_inner][\/vc_row_inner][vc_column_text css=&#8220;.vc_custom_1567613673116{margin-top: 50px !important;margin-bottom: 100px !important;}&#8220;] Travel a la carte a.s. Rybalkova 1433\/14 Vinohrady (Praha 2) 120 00 Praha [\/vc_column_text][\/vc_column][\/vc_row]<\/p>\n","protected":false},"author":1,"featured_media":0,"parent":0,"menu_order":0,"comment_status":"closed","ping_status":"closed","template":"","meta":{"footnotes":""},"class_list":["post-575","page","type-page","status-publish","hentry"],"_links":{"self":[{"href":"https:\/\/travel-tacpay.com\/cs\/wp-json\/wp\/v2\/pages\/575","targetHints":{"allow":["GET"]}}],"collection":[{"href":"https:\/\/travel-tacpay.com\/cs\/wp-json\/wp\/v2\/pages"}],"about":[{"href":"https:\/\/travel-tacpay.com\/cs\/wp-json\/wp\/v2\/types\/page"}],"author":[{"embeddable":true,"href":"https:\/\/travel-tacpay.com\/cs\/wp-json\/wp\/v2\/users\/1"}],"replies":[{"embeddable":true,"href":"https:\/\/travel-tacpay.com\/cs\/wp-json\/wp\/v2\/comments?post=575"}],"version-history":[{"count":0,"href":"https:\/\/travel-tacpay.com\/cs\/wp-json\/wp\/v2\/pages\/575\/revisions"}],"wp:attachment":[{"href":"https:\/\/travel-tacpay.com\/cs\/wp-json\/wp\/v2\/media?parent=575"}],"curies":[{"name":"wp","href":"https:\/\/api.w.org\/{rel}","templated":true}]}}