{"id":583,"date":"2019-08-19T12:41:21","date_gmt":"2019-08-19T12:41:21","guid":{"rendered":"https:\/\/www.t-alacarte.com\/online-travel-agent\/"},"modified":"2019-10-24T13:43:40","modified_gmt":"2019-10-24T13:43:40","slug":"online-travel-agent","status":"publish","type":"page","link":"https:\/\/travel-tacpay.com\/cs\/online-travel-agent\/","title":{"rendered":"online cestovn\u00ed kancel\u00e1\u0159"},"content":{"rendered":"<div class=\"wpb-content-wrapper\"><p>[vc_row equal_height=&#8220;yes&#8220; content_placement=&#8220;middle&#8220; el_class=&#8220;wallet-banner&#8220;][vc_column offset=&#8220;vc_col-lg-4 vc_col-md-4&#8243; el_class=&#8220;mobile-order-2&#8243;][vc_row_inner equal_height=&#8220;yes&#8220; content_placement=&#8220;middle&#8220; el_class=&#8220;icon-row&#8220;][vc_column_inner el_class=&#8220;icon-col&#8220; offset=&#8220;vc_col-lg-3 vc_col-md-3&#8243;][vc_raw_html el_class=&#8220;wallet-icon&#8220;]JTNDaSUyMGNsYXNzJTNEJTIyZmFzJTIwZmEtY29pbnMlMjIlM0UlM0MlMkZpJTNF[\/vc_raw_html][\/vc_column_inner][vc_column_inner el_class=&#8220;text-col&#8220; offset=&#8220;vc_col-lg-9 vc_col-md-9&#8243;][vc_column_text]P\u0159i vyhled\u00e1v\u00e1n\u00ed letenek, hotel\u016f a vstupenek na aktivity uve\u010fte sv\u016fj rozpo\u010det. [\/vc_column_text][\/vc_column_inner][\/vc_row_inner][vc_row_inner equal_height=&#8220;yes&#8220; content_placement=&#8220;middle&#8220; el_class=&#8220;icon-row&#8220;][vc_column_inner el_class=&#8220;text-col-left&#8220; offset=&#8220;vc_col-md-9&#8243;][vc_column_text]Pou\u017eijte filtr k vyhled\u00e1n\u00ed t\u011bch nejvhodn\u011bj\u0161\u00edch letenek a hotelu [\/vc_column_text][\/vc_column_inner][vc_column_inner el_class=&#8220;icon-col&#8220; offset=&#8220;vc_col-md-3&#8243;][vc_raw_html el_class=&#8220;wallet-icon&#8220;]JTNDaSUyMGNsYXNzJTNEJTIyZmFsJTIwZmEtZmlsdGVyJTIyJTNFJTNDJTJGaSUzRQ==[\/vc_raw_html][\/vc_column_inner][\/vc_row_inner][vc_row_inner equal_height=&#8220;yes&#8220; content_placement=&#8220;middle&#8220; el_class=&#8220;icon-row&#8220;][vc_column_inner el_class=&#8220;icon-col&#8220; offset=&#8220;vc_col-md-3&#8243;][vc_raw_html el_class=&#8220;wallet-icon&#8220;]JTNDaSUyMGNsYXNzJTNEJTIyZmFsJTIwZmEtc3VpdGNhc2Utcm9sbGluZyUyMiUzRSUzQyUyRmklM0U=[\/vc_raw_html][\/vc_column_inner][vc_column_inner el_class=&#8220;text-col&#8220; offset=&#8220;vc_col-md-9&#8243;][vc_column_text]Vyberte si z \u0159ady jedine\u010dn\u00fdch bal\u00ed\u010dk\u016f, kter\u00e9 nab\u00edz\u00ed nep\u0159ekonateln\u00fd z\u00e1\u017eitek! [\/vc_column_text][\/vc_column_inner][\/vc_row_inner][vc_row_inner equal_height=&#8220;yes&#8220; content_placement=&#8220;middle&#8220; el_class=&#8220;icon-row&#8220;][vc_column_inner el_class=&#8220;text-col-left&#8220; offset=&#8220;vc_col-md-9&#8243;][vc_column_text]Ve\u010fte v\u0161echna sv\u00e1 potvrzen\u00ed rezervac\u00ed a vstupenky na jednom m\u00edst\u011b a zajist\u011bte si k nim p\u0159\u00edstup i bez p\u0159ipojen\u00ed k internetu. [\/vc_column_text][\/vc_column_inner][vc_column_inner el_class=&#8220;icon-col&#8220; offset=&#8220;vc_col-md-3&#8243;][vc_raw_html el_class=&#8220;wallet-icon&#8220;]JTNDaSUyMGNsYXNzJTNEJTIyZmFsJTIwZmEtdGlja2V0JTIyJTNFJTNDJTJGaSUzRQ==[\/vc_raw_html][\/vc_column_inner][\/vc_row_inner][\/vc_column][vc_column offset=&#8220;vc_col-lg-4 vc_col-md-4&#8243; el_class=&#8220;mobile-order-3&#8243;][vc_raw_html]JTNDZGl2JTIwY2xhc3MlM0QlMjJwaG9uZS1zdGF0aWMlMjBwaG9uZS1zY2FsaW5nJTIwc2NyZWVuLTE1JTIyJTNFJTBBJTIwJTIwJTNDZGl2JTIwY2xhc3MlM0QlMjJwaG9uZS13cmFwcGVyJTIyJTNFJTNDJTJGZGl2JTNFJTBBJTIwJTIwJTNDZGl2JTIwY2xhc3MlM0QlMjJwaG9uZS1jb250ZW50JTIyJTNFJTNDJTJGZGl2JTNFJTBBJTNDJTJGZGl2JTNF[\/vc_raw_html][\/vc_column][vc_column offset=&#8220;vc_col-lg-4 vc_col-md-4&#8243; el_class=&#8220;mobile-order-1&#8243;][vc_column_text el_class=&#8220;phone-text&#8220;]<\/p>\n<h2>Spravujte v\u0161echny sv\u00e9 rezervace v r\u00e1mci rozpo\u010dtu!<\/h2>\n<p>Zarezervujte si letenky, hotely a akce, kter\u00e9 vyhovuj\u00ed va\u0161emu rozpo\u010dtu, p\u0159es jedinou platbu.[\/vc_column_text][vc_row_inner equal_height=&#8220;yes&#8220; content_placement=&#8220;middle&#8220; el_class=&#8220;icon-row&#8220;][vc_column_inner el_class=&#8220;icon-col&#8220; offset=&#8220;vc_col-md-3&#8243;][vc_raw_html el_class=&#8220;wallet-icon&#8220;]JTNDaSUyMGNsYXNzJTNEJTIyZmFsJTIwZmEtY3JlZGl0LWNhcmQlMjIlM0UlM0MlMkZpJTNF[\/vc_raw_html][\/vc_column_inner][vc_column_inner el_class=&#8220;text-col&#8220; offset=&#8220;vc_col-md-9&#8243;][vc_column_text]Nikdy to nebylo jednodu\u0161\u0161\u00ed! [\/vc_column_text][\/vc_column_inner][\/vc_row_inner][\/vc_column][\/vc_row][vc_row full_width=&#8220;stretch_row&#8220; equal_height=&#8220;yes&#8220; content_placement=&#8220;middle&#8220; el_class=&#8220;wallet-banner&#8220;][vc_column offset=&#8220;vc_col-lg-4 vc_col-md-4&#8243; el_class=&#8220;mobile-order-3&#8243;][vc_single_image image=&#8220;511&#8243; img_size=&#8220;full&#8220; el_class=&#8220;allow-image-outside&#8220;][\/vc_column][vc_column offset=&#8220;vc_col-lg-4 vc_col-md-4&#8243; el_class=&#8220;mobile-order-2&#8243;][vc_raw_html]JTNDZGl2JTIwY2xhc3MlM0QlMjJwaG9uZS1zdGF0aWMlMjBwaG9uZS1zY2FsaW5nJTIwc2NyZWVuLTE2JTIyJTNFJTBBJTIwJTIwJTNDZGl2JTIwY2xhc3MlM0QlMjJwaG9uZS13cmFwcGVyJTIyJTNFJTNDJTJGZGl2JTNFJTBBJTIwJTIwJTNDZGl2JTIwY2xhc3MlM0QlMjJwaG9uZS1jb250ZW50JTIyJTNFJTNDJTJGZGl2JTNFJTBBJTNDJTJGZGl2JTNF[\/vc_raw_html][\/vc_column][vc_column offset=&#8220;vc_col-lg-4 vc_col-md-4&#8243; el_class=&#8220;phone-text-boxed mobile-order-1&#8243;][vc_column_text el_class=&#8220;phone-text&#8220;]<\/p>\n<h2>Cestujte jako prof\u00edk<\/h2>\n<p>Dorazte do destinace rychleji a u\u017eijte si klidnou dovolenou.[\/vc_column_text][\/vc_column][\/vc_row][vc_row full_width=&#8220;stretch_row&#8220; el_class=&#8220;wallet-banner&#8220;][vc_column][vc_column_text]<\/p>\n<h2 style=\"text-align: center;\">Cestujte bez stresu, cestujte s Travel a la carte.<\/h2>\n<p>[\/vc_column_text][vc_btn title=&#8220;St\u00e1hn\u011bte si aplikaci&#8220; align=&#8220;center&#8220; link=&#8220;url:%23|||&#8220; el_class=&#8220;download-app-trigger gradient-button&#8220;][vc_column_text]<\/p>\n<p style=\"text-align: center;\">Join the travelution!<\/p>\n<p>[\/vc_column_text][\/vc_column][\/vc_row]<\/p>\n<\/div>","protected":false},"excerpt":{"rendered":"<p>[vc_row equal_height=&#8220;yes&#8220; content_placement=&#8220;middle&#8220; el_class=&#8220;wallet-banner&#8220;][vc_column offset=&#8220;vc_col-lg-4 vc_col-md-4&#8243; el_class=&#8220;mobile-order-2&#8243;][vc_row_inner equal_height=&#8220;yes&#8220; content_placement=&#8220;middle&#8220; el_class=&#8220;icon-row&#8220;][vc_column_inner el_class=&#8220;icon-col&#8220; offset=&#8220;vc_col-lg-3 vc_col-md-3&#8243;][vc_raw_html el_class=&#8220;wallet-icon&#8220;]JTNDaSUyMGNsYXNzJTNEJTIyZmFzJTIwZmEtY29pbnMlMjIlM0UlM0MlMkZpJTNF[\/vc_raw_html][\/vc_column_inner][vc_column_inner el_class=&#8220;text-col&#8220; offset=&#8220;vc_col-lg-9 vc_col-md-9&#8243;][vc_column_text]P\u0159i vyhled\u00e1v\u00e1n\u00ed letenek, hotel\u016f a vstupenek na aktivity uve\u010fte sv\u016fj rozpo\u010det. [\/vc_column_text][\/vc_column_inner][\/vc_row_inner][vc_row_inner equal_height=&#8220;yes&#8220; content_placement=&#8220;middle&#8220; el_class=&#8220;icon-row&#8220;][vc_column_inner el_class=&#8220;text-col-left&#8220; offset=&#8220;vc_col-md-9&#8243;][vc_column_text]Pou\u017eijte filtr k vyhled\u00e1n\u00ed t\u011bch nejvhodn\u011bj\u0161\u00edch letenek a hotelu [\/vc_column_text][\/vc_column_inner][vc_column_inner el_class=&#8220;icon-col&#8220; offset=&#8220;vc_col-md-3&#8243;][vc_raw_html el_class=&#8220;wallet-icon&#8220;]JTNDaSUyMGNsYXNzJTNEJTIyZmFsJTIwZmEtZmlsdGVyJTIyJTNFJTNDJTJGaSUzRQ==[\/vc_raw_html][\/vc_column_inner][\/vc_row_inner][vc_row_inner equal_height=&#8220;yes&#8220; content_placement=&#8220;middle&#8220; el_class=&#8220;icon-row&#8220;][vc_column_inner el_class=&#8220;icon-col&#8220; offset=&#8220;vc_col-md-3&#8243;][vc_raw_html el_class=&#8220;wallet-icon&#8220;]JTNDaSUyMGNsYXNzJTNEJTIyZmFsJTIwZmEtc3VpdGNhc2Utcm9sbGluZyUyMiUzRSUzQyUyRmklM0U=[\/vc_raw_html][\/vc_column_inner][vc_column_inner el_class=&#8220;text-col&#8220; offset=&#8220;vc_col-md-9&#8243;][vc_column_text]Vyberte si z [&hellip;]<\/p>\n","protected":false},"author":1,"featured_media":0,"parent":0,"menu_order":0,"comment_status":"closed","ping_status":"closed","template":"","meta":{"footnotes":""},"class_list":["post-583","page","type-page","status-publish","hentry"],"_links":{"self":[{"href":"https:\/\/travel-tacpay.com\/cs\/wp-json\/wp\/v2\/pages\/583","targetHints":{"allow":["GET"]}}],"collection":[{"href":"https:\/\/travel-tacpay.com\/cs\/wp-json\/wp\/v2\/pages"}],"about":[{"href":"https:\/\/travel-tacpay.com\/cs\/wp-json\/wp\/v2\/types\/page"}],"author":[{"embeddable":true,"href":"https:\/\/travel-tacpay.com\/cs\/wp-json\/wp\/v2\/users\/1"}],"replies":[{"embeddable":true,"href":"https:\/\/travel-tacpay.com\/cs\/wp-json\/wp\/v2\/comments?post=583"}],"version-history":[{"count":0,"href":"https:\/\/travel-tacpay.com\/cs\/wp-json\/wp\/v2\/pages\/583\/revisions"}],"wp:attachment":[{"href":"https:\/\/travel-tacpay.com\/cs\/wp-json\/wp\/v2\/media?parent=583"}],"curies":[{"name":"wp","href":"https:\/\/api.w.org\/{rel}","templated":true}]}}