{"id":599,"date":"2019-08-19T10:17:51","date_gmt":"2019-08-19T09:17:51","guid":{"rendered":"https:\/\/www.t-alacarte.com\/wallet\/"},"modified":"2022-06-22T14:50:57","modified_gmt":"2022-06-22T13:50:57","slug":"wallet","status":"publish","type":"page","link":"https:\/\/travel-tacpay.com\/cs\/wallet\/","title":{"rendered":"Pen\u011b\u017eenka"},"content":{"rendered":"<div class=\"wpb-content-wrapper\"><p>[vc_row equal_height=&#8220;yes&#8220; content_placement=&#8220;middle&#8220; el_class=&#8220;wallet-banner&#8220;][vc_column offset=&#8220;vc_col-lg-4 vc_col-md-4&#8243; el_class=&#8220;mobile-order-2&#8243;][vc_row_inner equal_height=&#8220;yes&#8220; content_placement=&#8220;middle&#8220; el_class=&#8220;icon-row&#8220;][vc_column_inner el_class=&#8220;icon-col&#8220; offset=&#8220;vc_col-lg-3 vc_col-md-3&#8243;][vc_raw_html el_class=&#8220;wallet-icon&#8220;]JTNDaSUyMGNsYXNzJTNEJTIyZmFzJTIwZmEtY29pbnMlMjIlM0UlM0MlMkZpJTNF[\/vc_raw_html][\/vc_column_inner][vc_column_inner el_class=&#8220;text-col&#8220; offset=&#8220;vc_col-lg-9 vc_col-md-9&#8243;][vc_column_text]Dob\u00edjejte, uhra\u010fte a p\u0159ij\u00edmejte platby od ostatn\u00edch u\u017eivatel\u016f TAC p\u0159\u00edmo p\u0159es svoji cestovn\u00ed pen\u011b\u017eenku. Zarezervujte si v\u0161echno, co pot\u0159ebujete p\u0159ed cestou i b\u011bhem n\u00ed. [\/vc_column_text][\/vc_column_inner][\/vc_row_inner][vc_row_inner equal_height=&#8220;yes&#8220; content_placement=&#8220;middle&#8220; el_class=&#8220;icon-row&#8220;][vc_column_inner el_class=&#8220;text-col-left&#8220; offset=&#8220;vc_col-md-9&#8243;][vc_column_text]Sledujte cestovn\u00ed pl\u00e1ny na zabezpe\u010den\u00e9 platform\u011b. [\/vc_column_text][\/vc_column_inner][vc_column_inner el_class=&#8220;icon-col&#8220; offset=&#8220;vc_col-md-3&#8243;][vc_raw_html el_class=&#8220;wallet-icon&#8220;]JTNDaSUyMGNsYXNzJTNEJTIyZmFsJTIwZmEtd2FsbGV0JTIyJTNFJTNDJTJGaSUzRQ==[\/vc_raw_html][\/vc_column_inner][\/vc_row_inner][vc_row_inner equal_height=&#8220;yes&#8220; content_placement=&#8220;middle&#8220; el_class=&#8220;icon-row&#8220;][vc_column_inner el_class=&#8220;icon-col&#8220; offset=&#8220;vc_col-md-3&#8243;][vc_raw_html el_class=&#8220;wallet-icon&#8220;]JTNDaSUyMGNsYXNzJTNEJTIyZmFsJTIwZmEtcGlnZ3ktYmFuayUyMiUzRSUzQyUyRmklM0U=[\/vc_raw_html][\/vc_column_inner][vc_column_inner el_class=&#8220;text-col&#8220; offset=&#8220;vc_col-md-9&#8243;][vc_column_text]Z\u00edskejte Taccoins za ka\u017edou transakci provedenou p\u0159es pen\u011b\u017eenku, slevu na p\u0159\u00ed\u0161t\u00ed cestu nebo cash back. [\/vc_column_text][\/vc_column_inner][\/vc_row_inner][vc_row_inner equal_height=&#8220;yes&#8220; content_placement=&#8220;middle&#8220; el_class=&#8220;icon-row&#8220;][vc_column_inner el_class=&#8220;text-col-left&#8220; offset=&#8220;vc_col-md-9&#8243;][vc_column_text]Sm\u011bna m\u011bn za ty nejv\u00fdhodn\u011bj\u0161\u00ed sazby, tak\u017ee u\u017e se nikdy nebudete muset b\u00e1t, \u017ee p\u0159i cestov\u00e1n\u00ed p\u0159ijdete o pen\u00edze, a z\u00e1rove\u0148 budete moci v\u00e9st \u00fa\u010det ve sv\u00e9 m\u00edstn\u00ed m\u011bn\u011b. [\/vc_column_text][\/vc_column_inner][vc_column_inner el_class=&#8220;icon-col&#8220; offset=&#8220;vc_col-md-3&#8243;][vc_raw_html el_class=&#8220;wallet-icon&#8220;]JTNDaSUyMGNsYXNzJTNEJTIyZmFsJTIwZmEtc2Fjay1kb2xsYXIlMjIlM0UlM0MlMkZpJTNF[\/vc_raw_html][\/vc_column_inner][\/vc_row_inner][\/vc_column][vc_column offset=&#8220;vc_col-lg-4 vc_col-md-4&#8243; el_class=&#8220;mobile-order-3&#8243;][vc_raw_html]JTNDZGl2JTIwY2xhc3MlM0QlMjJwaG9uZS1zdGF0aWMlMjBwaG9uZS1zY2FsaW5nJTIwc2NyZWVuLTA3JTIyJTNFJTBBJTIwJTIwJTNDZGl2JTIwY2xhc3MlM0QlMjJwaG9uZS13cmFwcGVyJTIyJTNFJTNDJTJGZGl2JTNFJTBBJTIwJTIwJTNDZGl2JTIwY2xhc3MlM0QlMjJwaG9uZS1jb250ZW50JTIyJTNFJTNDJTJGZGl2JTNFJTBBJTNDJTJGZGl2JTNF[\/vc_raw_html][\/vc_column][vc_column offset=&#8220;vc_col-lg-4 vc_col-md-4&#8243; el_class=&#8220;mobile-order-1&#8243;][vc_column_text el_class=&#8220;phone-text&#8220;]<\/p>\n<h2>Modern\u00ed cestovn\u00ed pen\u011b\u017eenka<\/h2>\n<p>Rychl\u00e1 a jednoduch\u00e1 cestovn\u00ed pen\u011b\u017eenka, p\u0159es kterou m\u016f\u017eete zaplatit za letenky, hotely a aktivity, a\u0165 u\u017e jste kdekoli![\/vc_column_text][vc_row_inner equal_height=&#8220;yes&#8220; content_placement=&#8220;middle&#8220; el_class=&#8220;icon-row&#8220;][vc_column_inner el_class=&#8220;icon-col&#8220; offset=&#8220;vc_col-md-3&#8243;][vc_raw_html el_class=&#8220;wallet-icon&#8220;]JTNDaSUyMGNsYXNzJTNEJTIyZmFsJTIwZmEtY3JlZGl0LWNhcmQlMjIlM0UlM0MlMkZpJTNF[\/vc_raw_html][\/vc_column_inner][vc_column_inner el_class=&#8220;text-col&#8220; offset=&#8220;vc_col-md-9&#8243;][vc_column_text]Platebn\u00ed karty budou brzy k dispozici u\u017eivatel\u016fm. [\/vc_column_text][\/vc_column_inner][\/vc_row_inner][\/vc_column][\/vc_row][vc_row full_width=&#8220;stretch_row&#8220; equal_height=&#8220;yes&#8220; content_placement=&#8220;middle&#8220; el_class=&#8220;wallet-banner&#8220;][vc_column offset=&#8220;vc_col-lg-4 vc_col-md-4&#8243; el_class=&#8220;mobile-order-3&#8243;][vc_single_image image=&#8220;376&#8243; img_size=&#8220;full&#8220; el_class=&#8220;allow-image-outside&#8220;][\/vc_column][vc_column offset=&#8220;vc_col-lg-4 vc_col-md-4&#8243; el_class=&#8220;mobile-order-2&#8243;][vc_raw_html]JTNDZGl2JTIwY2xhc3MlM0QlMjJwaG9uZS1zdGF0aWMlMjBwaG9uZS1zY2FsaW5nJTIwc2NyZWVuLTA2JTIyJTNFJTBBJTIwJTIwJTNDZGl2JTIwY2xhc3MlM0QlMjJwaG9uZS13cmFwcGVyJTIyJTNFJTNDJTJGZGl2JTNFJTBBJTIwJTIwJTNDZGl2JTIwY2xhc3MlM0QlMjJwaG9uZS1jb250ZW50JTIyJTNFJTNDJTJGZGl2JTNFJTBBJTNDJTJGZGl2JTNF[\/vc_raw_html][\/vc_column][vc_column offset=&#8220;vc_col-lg-4 vc_col-md-4&#8243; el_class=&#8220;phone-text-boxed mobile-order-1&#8243;][vc_column_text el_class=&#8220;phone-text&#8220;]<\/p>\n<h2>Cestov\u00e1n\u00ed jednodu\u0161eji.<\/h2>\n<p>Ve\u010fte v\u0161echno na jedn\u00e9 platform\u011b s jednoduch\u00fdm platebn\u00edm \u0159e\u0161en\u00edm a p\u0159\u00edstupem ke v\u0161em va\u0161im po\u017eadavk\u016fm na cestu. Bez ohledu na to, kam se chyst\u00e1te, aplikace Travel a la carte je vynikaj\u00edc\u00edm prost\u0159edkem spr\u00e1vy va\u0161ich cestovn\u00edch n\u00e1klad\u016f a po\u017eadavk\u016f.[\/vc_column_text][\/vc_column][\/vc_row][vc_row full_width=&#8220;stretch_row&#8220; el_class=&#8220;wallet-banner&#8220;][vc_column][vc_column_text]<\/p>\n<h2 style=\"text-align: center;\">Bu\u010fte sou\u010d\u00e1st\u00ed nov\u00e9ho zp\u016fsobu cestov\u00e1n\u00ed.<\/h2>\n<p>[\/vc_column_text][vc_btn title=&#8220;Download the App now&#8220; align=&#8220;center&#8220; link=&#8220;url:%23|||&#8220; el_class=&#8220;download-app-trigger gradient-button&#8220;][vc_column_text]<\/p>\n<p style=\"text-align: center;\">Join the travelution!<\/p>\n<p>[\/vc_column_text][\/vc_column][\/vc_row]<\/p>\n<\/div>","protected":false},"excerpt":{"rendered":"<p>[vc_row equal_height=&#8220;yes&#8220; content_placement=&#8220;middle&#8220; el_class=&#8220;wallet-banner&#8220;][vc_column offset=&#8220;vc_col-lg-4 vc_col-md-4&#8243; el_class=&#8220;mobile-order-2&#8243;][vc_row_inner equal_height=&#8220;yes&#8220; content_placement=&#8220;middle&#8220; el_class=&#8220;icon-row&#8220;][vc_column_inner el_class=&#8220;icon-col&#8220; offset=&#8220;vc_col-lg-3 vc_col-md-3&#8243;][vc_raw_html el_class=&#8220;wallet-icon&#8220;]JTNDaSUyMGNsYXNzJTNEJTIyZmFzJTIwZmEtY29pbnMlMjIlM0UlM0MlMkZpJTNF[\/vc_raw_html][\/vc_column_inner][vc_column_inner el_class=&#8220;text-col&#8220; offset=&#8220;vc_col-lg-9 vc_col-md-9&#8243;][vc_column_text]Dob\u00edjejte, uhra\u010fte a p\u0159ij\u00edmejte platby od ostatn\u00edch u\u017eivatel\u016f TAC p\u0159\u00edmo p\u0159es svoji cestovn\u00ed pen\u011b\u017eenku. Zarezervujte si v\u0161echno, co pot\u0159ebujete p\u0159ed cestou i b\u011bhem n\u00ed. [\/vc_column_text][\/vc_column_inner][\/vc_row_inner][vc_row_inner equal_height=&#8220;yes&#8220; content_placement=&#8220;middle&#8220; el_class=&#8220;icon-row&#8220;][vc_column_inner el_class=&#8220;text-col-left&#8220; offset=&#8220;vc_col-md-9&#8243;][vc_column_text]Sledujte cestovn\u00ed pl\u00e1ny na zabezpe\u010den\u00e9 platform\u011b. [\/vc_column_text][\/vc_column_inner][vc_column_inner el_class=&#8220;icon-col&#8220; offset=&#8220;vc_col-md-3&#8243;][vc_raw_html el_class=&#8220;wallet-icon&#8220;]JTNDaSUyMGNsYXNzJTNEJTIyZmFsJTIwZmEtd2FsbGV0JTIyJTNFJTNDJTJGaSUzRQ==[\/vc_raw_html][\/vc_column_inner][\/vc_row_inner][vc_row_inner [&hellip;]<\/p>\n","protected":false},"author":1,"featured_media":0,"parent":0,"menu_order":0,"comment_status":"closed","ping_status":"closed","template":"","meta":{"footnotes":""},"class_list":["post-599","page","type-page","status-publish","hentry"],"_links":{"self":[{"href":"https:\/\/travel-tacpay.com\/cs\/wp-json\/wp\/v2\/pages\/599","targetHints":{"allow":["GET"]}}],"collection":[{"href":"https:\/\/travel-tacpay.com\/cs\/wp-json\/wp\/v2\/pages"}],"about":[{"href":"https:\/\/travel-tacpay.com\/cs\/wp-json\/wp\/v2\/types\/page"}],"author":[{"embeddable":true,"href":"https:\/\/travel-tacpay.com\/cs\/wp-json\/wp\/v2\/users\/1"}],"replies":[{"embeddable":true,"href":"https:\/\/travel-tacpay.com\/cs\/wp-json\/wp\/v2\/comments?post=599"}],"version-history":[{"count":1,"href":"https:\/\/travel-tacpay.com\/cs\/wp-json\/wp\/v2\/pages\/599\/revisions"}],"predecessor-version":[{"id":1307,"href":"https:\/\/travel-tacpay.com\/cs\/wp-json\/wp\/v2\/pages\/599\/revisions\/1307"}],"wp:attachment":[{"href":"https:\/\/travel-tacpay.com\/cs\/wp-json\/wp\/v2\/media?parent=599"}],"curies":[{"name":"wp","href":"https:\/\/api.w.org\/{rel}","templated":true}]}}