{"id":748,"date":"2020-03-19T09:13:46","date_gmt":"2020-03-19T09:13:46","guid":{"rendered":"https:\/\/www.travel-tacpay.com\/services\/"},"modified":"2020-04-09T08:16:17","modified_gmt":"2020-04-09T08:16:17","slug":"services","status":"publish","type":"page","link":"https:\/\/travel-tacpay.com\/zh-hans\/services\/","title":{"rendered":"Services"},"content":{"rendered":"<div class=\"wpb-content-wrapper\"><p>[vc_row][vc_column]\n\t\t\t<!-- START Services REVOLUTION SLIDER 6.7.34 --><p class=\"rs-p-wp-fix\"><\/p>\n\t\t\t<rs-module-wrap id=\"rev_slider_2_1_wrapper\" data-source=\"gallery\" style=\"visibility:hidden;background:transparent;padding:0;margin:0px auto;margin-top:0;margin-bottom:0;\">\n\t\t\t\t<rs-module id=\"rev_slider_2_1\" style=\"\" data-version=\"6.7.34\">\n\t\t\t\t\t<rs-slides style=\"overflow: hidden; position: absolute;\">\n\t\t\t\t\t\t<rs-slide style=\"position: absolute;\" data-key=\"rs-7\" data-title=\"Slide\" data-anim=\"ms:1000;r:0;\" data-in=\"o:0;\" data-out=\"a:false;\">\n\t\t\t\t\t\t\t<img decoding=\"async\" src=\"\/\/travel-tacpay.com\/wp-content\/plugins\/revslider\/sr6\/assets\/assets\/dummy.png\" alt=\"\" title=\"68491579_2308363392808392_5963621485598736384_n\" width=\"1024\" height=\"768\" class=\"rev-slidebg tp-rs-img rs-lazyload\" data-lazyload=\"\/\/travel-tacpay.com\/wp-content\/uploads\/2020\/04\/68491579_2308363392808392_5963621485598736384_n.jpg\" data-no-retina>\n<!--\n\t\t\t\t\t\t\t--><h2\n\t\t\t\t\t\t\t\tid=\"slider-2-slide-7-layer-0\" \n\t\t\t\t\t\t\t\tclass=\"rs-layer\"\n\t\t\t\t\t\t\t\tdata-type=\"text\"\n\t\t\t\t\t\t\t\tdata-rsp_ch=\"on\"\n\t\t\t\t\t\t\t\tdata-xy=\"x:c;y:m;\"\n\t\t\t\t\t\t\t\tdata-text=\"w:normal;s:20,12,12,7;l:25,15,15,9;a:center;\"\n\t\t\t\t\t\t\t\tdata-dim=\"w:100%;\"\n\t\t\t\t\t\t\t\tdata-frame_999=\"o:0;st:w;sR:3700;\"\n\t\t\t\t\t\t\t\tstyle=\"z-index:9;font-family:'Arial', 'Helvetica', 'sans-serif';\"\n\t\t\t\t\t\t\t>Tvo\u0159\u00edme datab\u00e1zi cestovn\u00edho ruchu s u\u017eite\u010dn\u00fdmi funkcemi \n\t\t\t\t\t\t\t<\/h2><!--\n\n\t\t\t\t\t\t\t--><rs-layer\n\t\t\t\t\t\t\t\tid=\"slider-2-slide-7-layer-6\" \n\t\t\t\t\t\t\t\tdata-type=\"shape\"\n\t\t\t\t\t\t\t\tdata-rsp_ch=\"on\"\n\t\t\t\t\t\t\t\tdata-xy=\"x:c;y:m;\"\n\t\t\t\t\t\t\t\tdata-text=\"w:normal;s:20,12,12,7;l:0,15,15,9;\"\n\t\t\t\t\t\t\t\tdata-dim=\"w:100%;h:100%;\"\n\t\t\t\t\t\t\t\tdata-basealign=\"slide\"\n\t\t\t\t\t\t\t\tdata-frame_999=\"o:0;st:w;\"\n\t\t\t\t\t\t\t\tstyle=\"z-index:8;background-color:rgba(0,0,0,0.25);\"\n\t\t\t\t\t\t\t> \n\t\t\t\t\t\t\t<\/rs-layer><!--\n-->\t\t\t\t\t<\/rs-slide>\n\t\t\t\t\t\t<rs-slide style=\"position: absolute;\" data-key=\"rs-8\" data-title=\"Slide\" data-anim=\"ms:1000;r:0;\" data-in=\"o:0;\" data-out=\"a:false;\">\n\t\t\t\t\t\t\t<img decoding=\"async\" src=\"\/\/travel-tacpay.com\/wp-content\/plugins\/revslider\/sr6\/assets\/assets\/dummy.png\" alt=\"\" title=\"HO_lokalni_2\" width=\"1000\" height=\"667\" class=\"rev-slidebg tp-rs-img rs-lazyload\" data-lazyload=\"\/\/travel-tacpay.com\/wp-content\/uploads\/2020\/03\/HO_lokalni_2.jpg\" data-bg=\"p:center bottom;\" data-no-retina>\n<!--\n\t\t\t\t\t\t\t--><h2\n\t\t\t\t\t\t\t\tid=\"slider-2-slide-8-layer-0\" \n\t\t\t\t\t\t\t\tclass=\"rs-layer\"\n\t\t\t\t\t\t\t\tdata-type=\"text\"\n\t\t\t\t\t\t\t\tdata-rsp_ch=\"on\"\n\t\t\t\t\t\t\t\tdata-xy=\"x:c;y:m;\"\n\t\t\t\t\t\t\t\tdata-text=\"w:normal;s:20,12,12,7;l:25,15,15,9;a:center;\"\n\t\t\t\t\t\t\t\tdata-dim=\"w:100%;\"\n\t\t\t\t\t\t\t\tdata-basealign=\"slide\"\n\t\t\t\t\t\t\t\tdata-frame_999=\"o:0;st:w;sR:3530;\"\n\t\t\t\t\t\t\t\tstyle=\"z-index:9;font-family:'Arial', 'Helvetica', 'sans-serif';\"\n\t\t\t\t\t\t\t>Tvo\u0159\u00edme datab\u00e1zi cestovn\u00edho ruchu s u\u017eite\u010dn\u00fdmi funkcemi \n\t\t\t\t\t\t\t<\/h2><!--\n\n\t\t\t\t\t\t\t--><rs-layer\n\t\t\t\t\t\t\t\tid=\"slider-2-slide-8-layer-7\" \n\t\t\t\t\t\t\t\tdata-type=\"shape\"\n\t\t\t\t\t\t\t\tdata-rsp_ch=\"on\"\n\t\t\t\t\t\t\t\tdata-xy=\"x:c;y:m;\"\n\t\t\t\t\t\t\t\tdata-text=\"w:normal;s:20,12,12,7;l:0,15,15,9;\"\n\t\t\t\t\t\t\t\tdata-dim=\"w:100%;h:100%;\"\n\t\t\t\t\t\t\t\tdata-basealign=\"slide\"\n\t\t\t\t\t\t\t\tdata-frame_999=\"o:0;st:w;\"\n\t\t\t\t\t\t\t\tstyle=\"z-index:8;background-color:rgba(0,0,0,0.25);\"\n\t\t\t\t\t\t\t> \n\t\t\t\t\t\t\t<\/rs-layer><!--\n-->\t\t\t\t\t<\/rs-slide>\n\t\t\t\t\t\t<rs-slide style=\"position: absolute;\" data-key=\"rs-9\" data-title=\"Slide\" data-anim=\"ms:1000;r:0;\" data-in=\"o:0;\" data-out=\"a:false;\">\n\t\t\t\t\t\t\t<img decoding=\"async\" src=\"\/\/travel-tacpay.com\/wp-content\/plugins\/revslider\/sr6\/assets\/assets\/dummy.png\" alt=\"\" title=\"Kuwait city skyline\" width=\"1440\" height=\"823\" class=\"rev-slidebg tp-rs-img rs-lazyload\" data-lazyload=\"\/\/travel-tacpay.com\/wp-content\/uploads\/2019\/08\/Think-Kuwait-KuwaitCity-519039840-ArloMagicman-copy.jpg\" data-bg=\"p:center bottom;\" data-no-retina>\n<!--\n\t\t\t\t\t\t\t--><h2\n\t\t\t\t\t\t\t\tid=\"slider-2-slide-9-layer-0\" \n\t\t\t\t\t\t\t\tclass=\"rs-layer\"\n\t\t\t\t\t\t\t\tdata-type=\"text\"\n\t\t\t\t\t\t\t\tdata-rsp_ch=\"on\"\n\t\t\t\t\t\t\t\tdata-xy=\"x:c;y:m;\"\n\t\t\t\t\t\t\t\tdata-text=\"w:normal;s:20,12,12,7;l:25,15,15,9;a:center;\"\n\t\t\t\t\t\t\t\tdata-dim=\"w:100%;\"\n\t\t\t\t\t\t\t\tdata-basealign=\"slide\"\n\t\t\t\t\t\t\t\tdata-frame_999=\"o:0;st:w;\"\n\t\t\t\t\t\t\t\tstyle=\"z-index:9;font-family:'Arial', 'Helvetica', 'sans-serif';\"\n\t\t\t\t\t\t\t>Tvo\u0159\u00edme datab\u00e1zi cestovn\u00edho ruchu s u\u017eite\u010dn\u00fdmi funkcemi \n\t\t\t\t\t\t\t<\/h2><!--\n\n\t\t\t\t\t\t\t--><rs-layer\n\t\t\t\t\t\t\t\tid=\"slider-2-slide-9-layer-8\" \n\t\t\t\t\t\t\t\tdata-type=\"shape\"\n\t\t\t\t\t\t\t\tdata-rsp_ch=\"on\"\n\t\t\t\t\t\t\t\tdata-xy=\"x:c;y:m;\"\n\t\t\t\t\t\t\t\tdata-text=\"w:normal;s:20,12,12,7;l:0,15,15,9;\"\n\t\t\t\t\t\t\t\tdata-dim=\"w:100%;h:100%;\"\n\t\t\t\t\t\t\t\tdata-basealign=\"slide\"\n\t\t\t\t\t\t\t\tdata-frame_999=\"o:0;st:w;\"\n\t\t\t\t\t\t\t\tstyle=\"z-index:8;background-color:rgba(0,0,0,0.25);\"\n\t\t\t\t\t\t\t> \n\t\t\t\t\t\t\t<\/rs-layer><!--\n-->\t\t\t\t\t<\/rs-slide>\n\t\t\t\t\t<\/rs-slides>\n\t\t\t\t<\/rs-module>\n\t\t\t\t<script>\n\t\t\t\t\tsetREVStartSize({c: 'rev_slider_2_1',rl:[1240,1024,778,480],el:[600,768,960,720],gw:[1240,768,778,480],gh:[600,600,480,480],type:'standard',justify:'',layout:'fullwidth',mh:\"0\"});if (window.RS_MODULES!==undefined && window.RS_MODULES.modules!==undefined && window.RS_MODULES.modules[\"revslider21\"]!==undefined) {window.RS_MODULES.modules[\"revslider21\"].once = false;window.revapi2 = undefined;if (window.RS_MODULES.checkMinimal!==undefined) window.RS_MODULES.checkMinimal()}\n\t\t\t\t<\/script>\n\t\t\t<\/rs-module-wrap>\n\t\t\t<!-- END REVOLUTION SLIDER -->\n[\/vc_column][\/vc_row][vc_row equal_height=&#8221;yes&#8221; css=&#8221;.vc_custom_1584620338936{margin-top: 50px !important;}&#8221;][vc_column width=&#8221;1\/3&#8243; el_class=&#8221;service-box&#8221;][vc_raw_html]JTNDaSUyMGNsYXNzJTNEJTIyZmFzJTIwZmEtcGxhbmUtZGVwYXJ0dXJlJTIyJTNFJTNDJTJGaSUzRQ==[\/vc_raw_html][vc_column_text]<\/p>\n<h4>Letenky<\/h4>\n<p class=\"-wm-p1\">Online letenky do cel\u00e9ho sv\u011bta s mo\u017enost\u00ed navolen\u00ed maxim\u00e1ln\u00ed ceny. Pokud tou\u017e\u00edte vycestovat, ale o destinaci nem\u00e1te jasno, inspirovat se m\u016f\u017eete na\u0161imi tipy v z\u00e1lo\u017ece <a href=\"https:\/\/travel-tacpay.com\/special-offer\/\">Z\u00e1\u017eitky<\/a> anebo na <a href=\"https:\/\/travel-tacpay.com\/blog\/\">Blogu<\/a>.<span class=\"-wm-Apple-converted-space\">\u00a0<\/span><\/p>\n<p>[\/vc_column_text][\/vc_column][vc_column width=&#8221;1\/3&#8243; el_class=&#8221;service-box&#8221;][vc_raw_html]JTNDaSUyMGNsYXNzJTNEJTIyZmFzJTIwZmEtYmVkLWFsdCUyMiUzRSUzQyUyRmklM0U=[\/vc_raw_html][vc_column_text]<\/p>\n<h4>Hotely<\/h4>\n<p>Online letenky do cel\u00e9ho sv\u011bta s mo\u017enost\u00ed navolen\u00ed maxim\u00e1ln\u00ed ceny. Pokud tou\u017e\u00edte vycestovat, ale o destinaci nem\u00e1te jasno, inspirovat se m\u016f\u017eete na\u0161imi tipy v z\u00e1lo\u017ece Z\u00e1\u017eitky anebo na blogu.<span class=\"-wm-Apple-converted-space\">\u00a0<\/span>[\/vc_column_text][\/vc_column][vc_column width=&#8221;1\/3&#8243; el_class=&#8221;service-box&#8221;][vc_raw_html]JTNDaSUyMGNsYXNzJTNEJTIyZmFzJTIwZmEtY29pbnMlMjIlM0UlM0MlMkZpJTNF[\/vc_raw_html][vc_column_text]<\/p>\n<h4>Cestovn\u00ed pen\u011b\u017eenka &#8211; <em style=\"font-size: 20px;\">ji\u017e brzy<\/em><\/h4>\n<p>Jednou platbou uhrad\u00edte v\u0161echny n\u00e1klady: za letenky, hotely i z\u00e1\u017eitky. Sta\u010d\u00ed vlo\u017eit prost\u0159edky. Nav\u00edc za ka\u017edou transakci z\u00edsk\u00e1v\u00e1te body, tzv. TACcoiny, kter\u00e9 uplatn\u00edte jako slevu p\u0159i dal\u0161\u00ed cest\u011b.[\/vc_column_text][\/vc_column][\/vc_row][vc_row equal_height=&#8221;yes&#8221;][vc_column width=&#8221;1\/3&#8243; el_class=&#8221;service-box&#8221;][vc_raw_html]JTNDaSUyMGNsYXNzJTNEJTIyZmFzJTIwZmEtdXNlci1tdXNpYyUyMiUzRSUzQyUyRmklM0U=[\/vc_raw_html][vc_column_text]<\/p>\n<h4>Z\u00e1\u017eitkov\u00e9 akce<\/h4>\n<p>Tipy na zaj\u00edmav\u00e9 atrakce a netradi\u010dn\u00ed ubytov\u00e1n\u00ed v \u010cech\u00e1ch i zahrani\u010d\u00ed. Pro jednotlivce i partu p\u0159\u00e1tel.[\/vc_column_text][\/vc_column][vc_column width=&#8221;1\/3&#8243; el_class=&#8221;service-box&#8221;][vc_raw_html]JTNDaSUyMGNsYXNzJTNEJTIyZmFzJTIwZmEtaGVhZC1zaWRlLW1lZGljYWwlMjIlM0UlM0MlMkZpJTNF[\/vc_raw_html][vc_column_text]<\/p>\n<h4>Poji\u0161t\u011bn\u00ed<\/h4>\n<p>Sestav\u00edme nab\u00eddku poji\u0161t\u011bn\u00ed dle va\u0161ich pl\u00e1n\u016f tak, abyste byli b\u011bhem cesty kryti.<span class=\"-wm-Apple-converted-space\">\u00a0<\/span>[\/vc_column_text][\/vc_column][vc_column width=&#8221;1\/3&#8243; el_class=&#8221;service-box&#8221;][vc_raw_html]JTNDaSUyMGNsYXNzJTNEJTIyZmFzJTIwZmEtcGhvbmUtcm90YXJ5JTIyJTNFJTNDJTJGaSUzRQ==[\/vc_raw_html][vc_column_text]<\/p>\n<h4>Z\u00e1kaznick\u00fd servis<\/h4>\n<p>Jsme tu pro v\u00e1s. Kontaktovat n\u00e1s m\u016f\u017eete na uveden\u00e9m mailu nebo telefonu.[\/vc_column_text][\/vc_column][\/vc_row][vc_row css=&#8221;.vc_custom_1584620140211{margin-top: 50px !important;margin-bottom: 50px !important;}&#8221;][vc_column][vc_column_text]<\/p>\n<h4 style=\"text-align: center;\">Cestovatelskou aplikaci TAC Pay stahujte na sv\u00fdch telefonech<\/h4>\n<p>[\/vc_column_text][vc_raw_html el_class=&#8221;d-flex justify-content-center&#8221;]JTNDZGl2JTIwY2xhc3MlM0QlMjJwbGF0Zm9tci1kb3dubG9hZCUyMiUzRSUwQSUyMCUyMCUzQ2ElMjBocmVmJTNEJTIyaHR0cHMlM0ElMkYlMkZpdHVuZXMuYXBwbGUuY29tJTJGdXMlMkZhcHAlMkZ0cmF2ZWwtYS1sYS1jYXJ0ZSUyRmlkMTMwMTEwNzAxOCUzRmxzJTNEMSUyNm10JTNEOCUyMiUyMHRhcmdldCUzRCUyMl9ibGFuayUyMiUyMGNsYXNzJTNEJTIyYXBwbGUtc3RvcmUlMjBhcHAtc3RvcmUtYmFkZ2UlMjIlM0UlMEElMjAlMjAlMjAlMjAlM0NzcGFuJTIwY2xhc3MlM0QlMjJzci1vbmx5JTIyJTNFU3QlQzMlQTFobm91dCUyMG5hJTIwQXBwbGUlMjBTdG9yZSUzQyUyRnNwYW4lM0UlMEElMjAlMjAlM0MlMkZhJTNFJTBBJTIwJTIwJTNDYSUyMGhyZWYlM0QlMjJodHRwcyUzQSUyRiUyRnBsYXkuZ29vZ2xlLmNvbSUyRnN0b3JlJTJGYXBwcyUyRmRldGFpbHMlM0ZpZCUzRGNvbS5zZXJhcGhpYy50cmF2ZWwlMjIlMjB0YXJnZXQlM0QlMjJfYmxhbmslMjIlMjBjbGFzcyUzRCUyMmdvb2dsZS1wbGF5JTIwYXBwLXN0b3JlLWJhZGdlJTIyJTNFJTBBJTIwJTIwJTIwJTIwJTNDc3BhbiUyMGNsYXNzJTNEJTIyc3Itb25seSUyMiUzRVN0JUMzJUExaG5vdXQlMjBuYSUyMEdvb2dsZSUyMFBsYXklM0MlMkZzcGFuJTNFJTBBJTIwJTIwJTNDJTJGYSUzRSUwQSUzQyUyRmRpdiUzRQ==[\/vc_raw_html][\/vc_column][\/vc_row]<\/p>\n<\/div>","protected":false},"excerpt":{"rendered":"<p>[vc_row][vc_column][\/vc_column][\/vc_row][vc_row equal_h [&hellip;]<\/p>\n","protected":false},"author":1,"featured_media":0,"parent":0,"menu_order":0,"comment_status":"closed","ping_status":"closed","template":"single.php","meta":{"footnotes":""},"class_list":["post-748","page","type-page","status-publish","hentry"],"_links":{"self":[{"href":"https:\/\/travel-tacpay.com\/zh-hans\/wp-json\/wp\/v2\/pages\/748","targetHints":{"allow":["GET"]}}],"collection":[{"href":"https:\/\/travel-tacpay.com\/zh-hans\/wp-json\/wp\/v2\/pages"}],"about":[{"href":"https:\/\/travel-tacpay.com\/zh-hans\/wp-json\/wp\/v2\/types\/page"}],"author":[{"embeddable":true,"href":"https:\/\/travel-tacpay.com\/zh-hans\/wp-json\/wp\/v2\/users\/1"}],"replies":[{"embeddable":true,"href":"https:\/\/travel-tacpay.com\/zh-hans\/wp-json\/wp\/v2\/comments?post=748"}],"version-history":[{"count":0,"href":"https:\/\/travel-tacpay.com\/zh-hans\/wp-json\/wp\/v2\/pages\/748\/revisions"}],"wp:attachment":[{"href":"https:\/\/travel-tacpay.com\/zh-hans\/wp-json\/wp\/v2\/media?parent=748"}],"curies":[{"name":"wp","href":"https:\/\/api.w.org\/{rel}","templated":true}]}}